{"id":1051,"date":"2022-10-13T13:03:09","date_gmt":"2022-10-13T11:03:09","guid":{"rendered":"https:\/\/www.borg-gastein.salzburg.at\/plo\/?page_id=1051"},"modified":"2022-10-13T13:03:10","modified_gmt":"2022-10-13T11:03:10","slug":"bildnerische-erziehung-be","status":"publish","type":"page","link":"https:\/\/www.borg-gastein.salzburg.at\/plo\/bildnerische-erziehung-be\/","title":{"rendered":"Bildnerische Erziehung (BE)"},"content":{"rendered":"\n<figure class=\"wp-block-image size-large\"><img loading=\"lazy\" decoding=\"async\" width=\"1024\" height=\"681\" src=\"https:\/\/www.borg-gastein.salzburg.at\/plo\/wp-content\/uploads\/2022\/10\/DSC03694-1024x681.jpg\" alt=\"\" class=\"wp-image-1089\" srcset=\"https:\/\/www.borg-gastein.salzburg.at\/plo\/wp-content\/uploads\/2022\/10\/DSC03694-1024x681.jpg 1024w, https:\/\/www.borg-gastein.salzburg.at\/plo\/wp-content\/uploads\/2022\/10\/DSC03694-300x200.jpg 300w, https:\/\/www.borg-gastein.salzburg.at\/plo\/wp-content\/uploads\/2022\/10\/DSC03694-768x511.jpg 768w, https:\/\/www.borg-gastein.salzburg.at\/plo\/wp-content\/uploads\/2022\/10\/DSC03694-1536x1022.jpg 1536w, https:\/\/www.borg-gastein.salzburg.at\/plo\/wp-content\/uploads\/2022\/10\/DSC03694.jpg 1772w\" sizes=\"auto, (max-width: 1024px) 100vw, 1024px\" \/><figcaption>SONY DSC<\/figcaption><\/figure>\n\n\n\n<p>Das Fach BE ist Bestandteil des musischen Schwerpunktes und somit ein Pflichtfach, das am BORG Gastein in 2 Wochenstunden die gesamte Oberstufe hindurch unterrichtet wird und in dem auch m\u00fcndlich maturiert werden kann.<\/p>\n\n\n\n<p>Was kann man sich von BE erwarten?<\/p>\n\n\n\n<p>Es dreht sich Alles um das Kommunikationsmedium Bild in seinen k\u00fcnstlerischen, dokumentarischen, politischen, sozialen oder allt\u00e4glichen Auspr\u00e4gungen. Dazu werden wir uns in praktischer und theoretischer Herangehensweise ann\u00e4hern.<\/p>\n\n\n\n<p>In der Praxis wird ge\u00fcbt mit verschiedenen Techniken oder Stilen bestimmte Anforderungen an ein Thema bildnerisch zu erf\u00fcllen. In der Theorie werden wir die Geschichte der Bildproduktion insbesondere der Kunst, Techniken von der Malerei bis zu Fotographie und Film und verschiedene \u00e4sthetische Grundfragen beleuchten. Dabei werden wir Epochen, K\u00fcnstler oder einzelne Bilder versuchen zu analysieren, die Bildsprachen zu entschl\u00fcsseln und Botschaften zu erkennen und zu deuten.<\/p>\n\n\n\n<p>Neben dem Unterricht in der Schule unternehmen wir Exkursionen, beteiligen uns an Wettbewerben oder starten eigene Projekte, wie Ausstellungen und setzten bei Gelegenheit (\u00f6ffentliche) Auftr\u00e4ge um.<\/p>\n\n\n\n<p><a href=\"https:\/\/www.borg-gastein.salzburg.at\/plo\/arbeiten\/\" data-type=\"page\" data-id=\"1052\">Arbeiten<\/a><\/p>\n\n\n\n<p><a href=\"https:\/\/www.borg-gastein.salzburg.at\/plo\/ausstellungen\/\" data-type=\"page\" data-id=\"1065\">Ausstellungen <\/a><\/p>\n\n\n\n<p><a href=\"https:\/\/www.borg-gastein.salzburg.at\/plo\/exkursionen\/\" data-type=\"page\" data-id=\"1075\">Exkursionen<\/a><\/p>\n\n\n\n<figure class=\"wp-block-embed is-type-video is-provider-youtube wp-block-embed-youtube wp-embed-aspect-16-9 wp-has-aspect-ratio\"><div class=\"wp-block-embed__wrapper\">\n<iframe loading=\"lazy\" title=\"Imagevideo BE - BORG Gastein\" width=\"640\" height=\"360\" src=\"https:\/\/www.youtube.com\/embed\/a6eGhOHjtg0?feature=oembed\" frameborder=\"0\" allow=\"accelerometer; autoplay; clipboard-write; encrypted-media; gyroscope; picture-in-picture; web-share\" referrerpolicy=\"strict-origin-when-cross-origin\" allowfullscreen><\/iframe>\n<\/div><\/figure>\n","protected":false},"excerpt":{"rendered":"<p>Das Fach BE ist Bestandteil des musischen Schwerpunktes und somit ein Pflichtfach, das am BORG<\/p>\n","protected":false},"author":1,"featured_media":0,"parent":0,"menu_order":0,"comment_status":"closed","ping_status":"closed","template":"","meta":{"footnotes":""},"class_list":["post-1051","page","type-page","status-publish","hentry"],"_links":{"self":[{"href":"https:\/\/www.borg-gastein.salzburg.at\/plo\/wp-json\/wp\/v2\/pages\/1051","targetHints":{"allow":["GET"]}}],"collection":[{"href":"https:\/\/www.borg-gastein.salzburg.at\/plo\/wp-json\/wp\/v2\/pages"}],"about":[{"href":"https:\/\/www.borg-gastein.salzburg.at\/plo\/wp-json\/wp\/v2\/types\/page"}],"author":[{"embeddable":true,"href":"https:\/\/www.borg-gastein.salzburg.at\/plo\/wp-json\/wp\/v2\/users\/1"}],"replies":[{"embeddable":true,"href":"https:\/\/www.borg-gastein.salzburg.at\/plo\/wp-json\/wp\/v2\/comments?post=1051"}],"version-history":[{"count":1,"href":"https:\/\/www.borg-gastein.salzburg.at\/plo\/wp-json\/wp\/v2\/pages\/1051\/revisions"}],"predecessor-version":[{"id":1109,"href":"https:\/\/www.borg-gastein.salzburg.at\/plo\/wp-json\/wp\/v2\/pages\/1051\/revisions\/1109"}],"wp:attachment":[{"href":"https:\/\/www.borg-gastein.salzburg.at\/plo\/wp-json\/wp\/v2\/media?parent=1051"}],"curies":[{"name":"wp","href":"https:\/\/api.w.org\/{rel}","templated":true}]}}