{"id":1414,"date":"2023-05-30T14:44:54","date_gmt":"2023-05-30T12:44:54","guid":{"rendered":"https:\/\/www.borg-gastein.salzburg.at\/plo\/?page_id=1414"},"modified":"2023-05-30T14:48:42","modified_gmt":"2023-05-30T12:48:42","slug":"datenschutzerklaerung-2","status":"publish","type":"page","link":"https:\/\/www.borg-gastein.salzburg.at\/plo\/datenschutzerklaerung-2\/","title":{"rendered":"Datenschutzerkl\u00e4rung"},"content":{"rendered":"\n<h2 class=\"wp-block-heading\">Allgemeine Datenschutzerkl\u00e4rung f\u00fcr Schulwebseiten<\/h2>\n\n\n\n<h2 class=\"wp-block-heading\">1. Allgemeines<\/h2>\n\n\n\n<ul class=\"wp-block-list\">\n<li><a href=\"https:\/\/www.bildung-sbg.gv.at\/datenschutz\/\" target=\"_blank\" rel=\"noreferrer noopener\">Datenschutzerkl\u00e4rung der Bildungsdirektion Salzburg<\/a><\/li>\n\n\n\n<li><a href=\"https:\/\/www.bmbwf.gv.at\/Themen\/schule\/schulrecht\/ds.html\" target=\"_blank\" rel=\"noreferrer noopener\">Datenschutzinformation des BMBWF im Rahmen der Schulverwaltung an \u00f6sterreichischen Schulen <\/a><a href=\"https:\/\/www.bmbwf.gv.at\/Themen\/schule\/schulrecht\/ds.html\" target=\"_blank\" rel=\"noreferrer noopener\"><\/a><\/li>\n<\/ul>\n\n\n\n<h3 class=\"wp-block-heading\">Verarbeitung von personenbezogenen Daten<\/h3>\n\n\n\n<p>Datenschutz ist der Bildungsdirektion Salzburg ein wichtiges Anliegen. Personenbezogene Daten an Schulen werden daher ausschlie\u00dflich auf Grundlage der Bestimmungen der EU-Datenschutz-Grundverordnung (DSGVO) sowie der \u00f6sterreichischen Rechtslage verarbeitet.<\/p>\n\n\n\n<p>Als \u00f6ffentliche Einrichtung handelt die Schule entsprechend dem verwaltungsrechtlichen Legalit\u00e4tsprinzips, d.h. dass die Verwaltung auf \u00f6sterreichischem und europ\u00e4ischem Recht beruht. So sind die geltenden Normen auch f\u00fcr die Verarbeitung personenbezogener Daten und deren Dauer meist die relevante Rechtsgrundlage (Art 6 bzw. 9 DSGVO). Im konkreten Einzelfall kommt aber auch ein Vertrag oder eine sonstige rechtliche Verpflichtung in Betracht. Soweit Sie Ihre Einwilligung zur Verarbeitung Ihrer Daten erteilt haben, so ist diese die Grundlage wie auch die Grenze f\u00fcr die diesbez\u00fcglichen T\u00e4tigkeiten.<\/p>\n\n\n\n<p>Der Zweck der Verarbeitung von personenbezogenen Daten ist ebenso durch die \u00f6sterreichische und europ\u00e4ische Rechtslage bestimmt und orientiert sich an den gesetzlichen Aufgaben der jeweiligen Schule.<\/p>\n\n\n\n<p>In der Regel werden personenbezogene Daten durch die Schule nicht in Drittl\u00e4nder \u00fcbermittelt bzw. automatisierte Entscheidungsfindungen getroffen. Ausnahmen basieren auf gesetzlicher Grundlage.<\/p>\n\n\n\n<h3 class=\"wp-block-heading\">Verantwortlicher und Datenschutzbeauftragte<\/h3>\n\n\n\n<p>Verantwortlicher im Sinne der DSGVO ist die\/der jeweilige Schulleiter\/in gem\u00e4\u00df <a href=\"https:\/\/www.ris.bka.gv.at\/Dokument.wxe?ResultFunctionToken=44b39d80-70c9-46c2-9033-0d8e03040e1e&amp;Position=1&amp;Abfrage=Bundesnormen&amp;Kundmachungsorgan=&amp;Index=&amp;Titel=bildungsdok*&amp;Gesetzesnummer=&amp;VonArtikel=&amp;BisArtikel=&amp;VonParagraf=2&amp;BisParagraf=2&amp;VonAnlage=&amp;BisAnlage=&amp;Typ=&amp;Kundmachungsnummer=&amp;Unterzeichnungsdatum=&amp;FassungVom=17.04.2018&amp;VonInkrafttretedatum=&amp;BisInkrafttretedatum=&amp;VonAusserkrafttretedatum=&amp;BisAusserkrafttretedatum=&amp;NormabschnittnummerKombination=Und&amp;ImRisSeitVonDatum=&amp;ImRisSeitBisDatum=&amp;ImRisSeit=Undefined&amp;ResultPageSize=100&amp;Suchworte=&amp;Dokumentnummer=NOR40173387\" target=\"_blank\" rel=\"noreferrer noopener\">\u00a7 2 Abs. 3 Bildungsdokumentationsgesetz<\/a>.<\/p>\n\n\n\n<p>Bitte entnehmen Sie entsprechende Daten dem Impressum der jeweiligen Schulhomepage.<\/p>\n\n\n\n<p><strong>Zur Erg\u00e4nzung:<\/strong><\/p>\n\n\n\n<p>Die Datenschutzbeauftragten der Bildungsdirektion Salzburg sind:<br>Erhard Wieser<br>Brigitte K\u00fcrten<br>Sie erreichen Sie unter datenschutz[at]bildung-sbg.gv.at &nbsp;<\/p>\n\n\n\n<h3 class=\"wp-block-heading\">Recht auf Auskunft (Art. 15 DSGVO)<\/h3>\n\n\n\n<p>Sie haben das Recht auf Auskunft \u00fcber die Verarbeitung Ihrer personenbezogenen Daten. Wir weisen darauf hin, dass zur Bearbeitung von Auskunftsersuchen die Identit\u00e4t der Antragstellerin oder des Antragstellers glaubhaft zu machen ist (mittels Handysignatur\/B\u00fcrgerkarte oder Kopie von Reisepass oder Personalausweis). Zur Erm\u00f6glichung einer raschen und zielf\u00fchrenden Auskunft ersuchen wir Sie im Sinne der Mitwirkungspflicht, m\u00f6glichst konkrete Angaben zu Ihrer Identit\u00e4t sowie Ihrem Ansuchen zu machen. Sie k\u00f6nnen sich auch auf einzelne Informationen oder Verarbeitungsvorg\u00e4nge beziehen.<\/p>\n\n\n\n<p>Bitte richten Sie ihr Auskunftsersuchen an die Schulleitung des entsprechenden Schulstandortes.<\/p>\n\n\n\n<h3 class=\"wp-block-heading\">Beschwerdem\u00f6glichkeit<\/h3>\n\n\n\n<p>Wenn Sie sich in ihren Datenschutzrechten verletzt erachten, wenden Sie sich bitte an die Schulleitung des entsprechenden Schulstandortes. Zudem haben Sie gem\u00e4\u00df DSGVO die M\u00f6glichkeit der Beschwerde an die datenschutzrechtliche Aufsichtsbeh\u00f6rde. Das ist in \u00d6sterreich die Datenschutzbeh\u00f6rde (<a href=\"http:\/\/www.dsb.gv.at\/\">www.dsb.gv.at<\/a>).<\/p>\n\n\n\n<h2 class=\"wp-block-heading\">2. Formulare und Newsletter<\/h2>\n\n\n\n<h3 class=\"wp-block-heading\">Verwendung von Onlineformularen auf der Schulhomepage<\/h3>\n\n\n\n<p>Wenn Sie uns per Kontaktformularen unterschiedlichster Art Anfragen, bzw. Daten zukommen lassen, werden diese Daten inklusive der von Ihnen dort angegebenen Kontaktdaten zwecks Bearbeitung der Anfrage und f\u00fcr den Fall von Anschlussfragen bei uns gespeichert. Diese Daten geben wir nicht ohne Ihre Einwilligung weiter.<\/p>\n\n\n\n<p>Die Verarbeitung der in das Kontaktformular eingegebenen Daten erfolgt somit ausschlie\u00dflich auf Grundlage Ihrer Einwilligung (Art. 6 Abs. 1 lit. a DSGVO). Sie k\u00f6nnen diese Einwilligung jederzeit widerrufen. Dazu reicht eine formlose Mitteilung per E-Mail an uns. Die Rechtm\u00e4\u00dfigkeit der bis zum Widerruf erfolgten Datenverarbeitungsvorg\u00e4nge bleibt vom Widerruf unber\u00fchrt.<\/p>\n\n\n\n<p>Die von Ihnen im Kontaktformular eingegebenen Daten verbleiben bei uns, bis Sie uns zur L\u00f6schung auffordern, Ihre Einwilligung zur Speicherung widerrufen oder der Zweck f\u00fcr die Datenspeicherung entf\u00e4llt (z.B. nach abgeschlossener Bearbeitung Ihrer Anfrage). Zwingende gesetzliche Bestimmungen \u2013 insbesondere Aufbewahrungsfristen \u2013 bleiben unber\u00fchrt.<\/p>\n\n\n\n<h2 class=\"wp-block-heading\">3. Plugins und Tools<\/h2>\n\n\n\n<h3 class=\"wp-block-heading\">YouTube<\/h3>\n\n\n\n<p>Unsere Website nutzt Plugins der von Google betriebenen Seite YouTube. Betreiber der Seiten ist die YouTube, LLC, 901 Cherry Ave., San Bruno, CA 94066, USA.<\/p>\n\n\n\n<p>Wenn Sie eine unserer mit einem YouTube-Plugin ausgestatteten Seiten besuchen, wird eine Verbindung zu den Servern von YouTube hergestellt. Dabei wird dem YouTube-Server mitgeteilt, welche unserer Seiten Sie besucht haben.<\/p>\n\n\n\n<p>Wenn Sie in Ihrem YouTube-Account eingeloggt sind, erm\u00f6glichen Sie YouTube, Ihr Surfverhalten direkt Ihrem pers\u00f6nlichen Profil zuzuordnen. Dies k\u00f6nnen Sie verhindern, indem Sie sich aus Ihrem YouTube-Account ausloggen.<\/p>\n\n\n\n<p>Die Nutzung von YouTube erfolgt im Interesse einer ansprechenden Darstellung unserer Online-Angebote. Dies stellt ein berechtigtes Interesse im Sinne von Art. 6 Abs. 1 lit. f DSGVO dar.<\/p>\n\n\n\n<p>Weitere Informationen zum Umgang mit Nutzerdaten finden Sie in der Datenschutzerkl\u00e4rung von YouTube unter: <a href=\"https:\/\/www.google.de\/intl\/de\/policies\/privacy\">https:\/\/www.google.de\/intl\/de\/policies\/privacy<\/a>.<\/p>\n\n\n\n<h3 class=\"wp-block-heading\">Google Web Fonts<\/h3>\n\n\n\n<p>Diese Seite nutzt zur einheitlichen Darstellung von Schriftarten so genannte Web Fonts, die von Google bereitgestellt werden. Beim Aufruf einer Seite l\u00e4dt Ihr Browser die ben\u00f6tigten Web Fonts in ihren Browsercache, um Texte und Schriftarten korrekt anzuzeigen.<\/p>\n\n\n\n<p>Zu diesem Zweck muss der von Ihnen verwendete Browser Verbindung zu den Servern von Google aufnehmen. Hierdurch erlangt Google Kenntnis dar\u00fcber, dass \u00fcber Ihre IP-Adresse unsere Website aufgerufen wurde. Die Nutzung von Google Web Fonts erfolgt im Interesse einer einheitlichen und ansprechenden Darstellung unserer Online-Angebote. Dies stellt ein berechtigtes Interesse im Sinne von Art. 6 Abs. 1 lit. f DSGVO dar.<\/p>\n\n\n\n<p>Wenn Ihr Browser Web Fonts nicht unterst\u00fctzt, wird eine Standardschrift von Ihrem Computer genutzt.<\/p>\n\n\n\n<p>Weitere Informationen zu Google Web Fonts finden Sie unter <a href=\"https:\/\/developers.google.com\/fonts\/faq\">https:\/\/developers.google.com\/fonts\/faq<\/a> und in der Datenschutzerkl\u00e4rung von Google: <a href=\"https:\/\/www.google.com\/policies\/privacy\/\">https:\/\/www.google.com\/policies\/privacy\/<\/a>.<\/p>\n\n\n\n<h3 class=\"wp-block-heading\">Google Maps<\/h3>\n\n\n\n<p>Gilt nur im Falle der Nutzung von Google Maps:<\/p>\n\n\n\n<p>Diese Seite nutzt \u00fcber eine API den Kartendienst Google Maps. Anbieter ist die Google Inc., 1600 Amphitheatre Parkway, Mountain View, CA 94043, USA.<\/p>\n\n\n\n<p>Zur Nutzung der Funktionen von Google Maps ist es notwendig, Ihre IP Adresse zu speichern. Diese Informationen werden in der Regel an einen Server von Google in den USA \u00fcbertragen und dort gespeichert. Der Anbieter dieser Seite hat keinen Einfluss auf diese Daten\u00fcbertragung.<\/p>\n\n\n\n<p>Die Nutzung von Google Maps erfolgt im Interesse einer ansprechenden Darstellung unserer Online-Angebote und an einer leichten Auffindbarkeit der von uns auf der Website angegebenen Orte. Dies stellt ein berechtigtes Interesse im Sinne von Art. 6 Abs. 1 lit. f DSGVO dar.<\/p>\n\n\n\n<p>Mehr Informationen zum Umgang mit Nutzerdaten finden Sie in der Datenschutzerkl\u00e4rung von Google: <a href=\"https:\/\/www.google.de\/intl\/de\/policies\/privacy\/\">https:\/\/www.google.de\/intl\/de\/policies\/privacy\/<\/a>.<\/p>\n","protected":false},"excerpt":{"rendered":"<p>Allgemeine Datenschutzerkl\u00e4rung f\u00fcr Schulwebseiten 1. Allgemeines Verarbeitung von personenbezogenen Daten Datenschutz ist der Bildungsdirektion Salzburg<\/p>\n","protected":false},"author":1,"featured_media":0,"parent":0,"menu_order":0,"comment_status":"closed","ping_status":"closed","template":"","meta":{"footnotes":""},"class_list":["post-1414","page","type-page","status-publish","hentry"],"_links":{"self":[{"href":"https:\/\/www.borg-gastein.salzburg.at\/plo\/wp-json\/wp\/v2\/pages\/1414","targetHints":{"allow":["GET"]}}],"collection":[{"href":"https:\/\/www.borg-gastein.salzburg.at\/plo\/wp-json\/wp\/v2\/pages"}],"about":[{"href":"https:\/\/www.borg-gastein.salzburg.at\/plo\/wp-json\/wp\/v2\/types\/page"}],"author":[{"embeddable":true,"href":"https:\/\/www.borg-gastein.salzburg.at\/plo\/wp-json\/wp\/v2\/users\/1"}],"replies":[{"embeddable":true,"href":"https:\/\/www.borg-gastein.salzburg.at\/plo\/wp-json\/wp\/v2\/comments?post=1414"}],"version-history":[{"count":2,"href":"https:\/\/www.borg-gastein.salzburg.at\/plo\/wp-json\/wp\/v2\/pages\/1414\/revisions"}],"predecessor-version":[{"id":1417,"href":"https:\/\/www.borg-gastein.salzburg.at\/plo\/wp-json\/wp\/v2\/pages\/1414\/revisions\/1417"}],"wp:attachment":[{"href":"https:\/\/www.borg-gastein.salzburg.at\/plo\/wp-json\/wp\/v2\/media?parent=1414"}],"curies":[{"name":"wp","href":"https:\/\/api.w.org\/{rel}","templated":true}]}}