{"id":1912,"date":"2025-12-01T05:33:32","date_gmt":"2025-12-01T04:33:32","guid":{"rendered":"https:\/\/www.borg-gastein.salzburg.at\/plo\/?page_id=1912"},"modified":"2026-01-13T12:32:57","modified_gmt":"2026-01-13T11:32:57","slug":"themengpools-matura-2026","status":"publish","type":"page","link":"https:\/\/www.borg-gastein.salzburg.at\/plo\/themengpools-matura-2026\/","title":{"rendered":"Themenpools Matura 2026"},"content":{"rendered":"\n<div class=\"wp-block-file\"><a id=\"wp-block-file--media-b586b09f-2d9f-4035-8841-2f9497832e22\" href=\"https:\/\/www.borg-gastein.salzburg.at\/plo\/wp-content\/uploads\/2025\/12\/E8a_Winkler-2526.pdf\">E8a_Winkler-2526<\/a><a href=\"https:\/\/www.borg-gastein.salzburg.at\/plo\/wp-content\/uploads\/2025\/12\/E8a_Winkler-2526.pdf\" class=\"wp-block-file__button wp-element-button\" download aria-describedby=\"wp-block-file--media-b586b09f-2d9f-4035-8841-2f9497832e22\">Herunterladen<\/a><\/div>\n\n\n\n<div class=\"wp-block-file\"><a id=\"wp-block-file--media-aba96c5f-42d6-4d99-b646-5911afcc5e94\" href=\"https:\/\/www.borg-gastein.salzburg.at\/plo\/wp-content\/uploads\/2025\/12\/Eth8a_Winkler-2526.pdf\">Eth8a_Winkler-2526<\/a><a href=\"https:\/\/www.borg-gastein.salzburg.at\/plo\/wp-content\/uploads\/2025\/12\/Eth8a_Winkler-2526.pdf\" class=\"wp-block-file__button wp-element-button\" download aria-describedby=\"wp-block-file--media-aba96c5f-42d6-4d99-b646-5911afcc5e94\">Herunterladen<\/a><\/div>\n\n\n\n<div class=\"wp-block-file\"><a id=\"wp-block-file--media-1bf8f2e3-08f3-4e36-8db6-fc8bd98e653b\" href=\"https:\/\/www.borg-gastein.salzburg.at\/plo\/wp-content\/uploads\/2025\/12\/GPB_Themenpool-2025_26.pdf\">GPB_Themenpool 2025_26<\/a><a href=\"https:\/\/www.borg-gastein.salzburg.at\/plo\/wp-content\/uploads\/2025\/12\/GPB_Themenpool-2025_26.pdf\" class=\"wp-block-file__button wp-element-button\" download aria-describedby=\"wp-block-file--media-1bf8f2e3-08f3-4e36-8db6-fc8bd98e653b\">Herunterladen<\/a><\/div>\n\n\n\n<div class=\"wp-block-file\"><a id=\"wp-block-file--media-0f56ed30-bef6-4cf2-aa6e-c714fbea068e\" href=\"https:\/\/www.borg-gastein.salzburg.at\/plo\/wp-content\/uploads\/2025\/12\/IUVO8aZechmeister_25-26.pdf\">IUVO8aZechmeister_25-26<\/a><a href=\"https:\/\/www.borg-gastein.salzburg.at\/plo\/wp-content\/uploads\/2025\/12\/IUVO8aZechmeister_25-26.pdf\" class=\"wp-block-file__button wp-element-button\" download aria-describedby=\"wp-block-file--media-0f56ed30-bef6-4cf2-aa6e-c714fbea068e\">Herunterladen<\/a><\/div>\n\n\n\n<div class=\"wp-block-file\"><a id=\"wp-block-file--media-16581668-24d9-49da-99e2-aede50facae4\" href=\"https:\/\/www.borg-gastein.salzburg.at\/plo\/wp-content\/uploads\/2025\/12\/KuG_Prause_8a.pdf\">KuG_Prause_8a<\/a><a href=\"https:\/\/www.borg-gastein.salzburg.at\/plo\/wp-content\/uploads\/2025\/12\/KuG_Prause_8a.pdf\" class=\"wp-block-file__button wp-element-button\" download aria-describedby=\"wp-block-file--media-16581668-24d9-49da-99e2-aede50facae4\">Herunterladen<\/a><\/div>\n\n\n\n<div class=\"wp-block-file\"><a id=\"wp-block-file--media-cf96c5b6-a785-48c2-b7b4-264aa3194347\" href=\"https:\/\/www.borg-gastein.salzburg.at\/plo\/wp-content\/uploads\/2025\/12\/Latein-Kargl-8a-8b-2025-26.pdf\">Latein Kargl 8a, 8b 2025 26<\/a><a href=\"https:\/\/www.borg-gastein.salzburg.at\/plo\/wp-content\/uploads\/2025\/12\/Latein-Kargl-8a-8b-2025-26.pdf\" class=\"wp-block-file__button wp-element-button\" download aria-describedby=\"wp-block-file--media-cf96c5b6-a785-48c2-b7b4-264aa3194347\">Herunterladen<\/a><\/div>\n\n\n\n<div class=\"wp-block-file\"><a id=\"wp-block-file--media-4f80ad55-0e5b-4a7a-bef0-2605d9764deb\" href=\"https:\/\/www.borg-gastein.salzburg.at\/plo\/wp-content\/uploads\/2025\/12\/MMA_8ab_Plohovich2025.pdf\">MMA_8ab_Plohovich2026<\/a><a href=\"https:\/\/www.borg-gastein.salzburg.at\/plo\/wp-content\/uploads\/2025\/12\/MMA_8ab_Plohovich2025.pdf\" class=\"wp-block-file__button wp-element-button\" download aria-describedby=\"wp-block-file--media-4f80ad55-0e5b-4a7a-bef0-2605d9764deb\">Herunterladen<\/a><\/div>\n\n\n\n<div class=\"wp-block-file\"><a id=\"wp-block-file--media-be34156b-76dd-4913-8467-7d32a1ef9a09\" href=\"https:\/\/www.borg-gastein.salzburg.at\/plo\/wp-content\/uploads\/2025\/12\/REK8a_Winkler-2526.pdf\">REK8a_Winkler-2526<\/a><a href=\"https:\/\/www.borg-gastein.salzburg.at\/plo\/wp-content\/uploads\/2025\/12\/REK8a_Winkler-2526.pdf\" class=\"wp-block-file__button wp-element-button\" download aria-describedby=\"wp-block-file--media-be34156b-76dd-4913-8467-7d32a1ef9a09\">Herunterladen<\/a><\/div>\n\n\n\n<div class=\"wp-block-file\"><a id=\"wp-block-file--media-5c228e25-d04c-4224-bd7c-2077a63361c0\" href=\"https:\/\/www.borg-gastein.salzburg.at\/plo\/wp-content\/uploads\/2025\/12\/Themen-fuer-die-muendliche-Reifepruefung_BORG_2026_Psychologie_Philosophie.pdf\">Themen f\u00fcr die m\u00fcndliche Reifepr\u00fcfung_BORG_2026_Psychologie_Philosophie<\/a><a href=\"https:\/\/www.borg-gastein.salzburg.at\/plo\/wp-content\/uploads\/2025\/12\/Themen-fuer-die-muendliche-Reifepruefung_BORG_2026_Psychologie_Philosophie.pdf\" class=\"wp-block-file__button wp-element-button\" download aria-describedby=\"wp-block-file--media-5c228e25-d04c-4224-bd7c-2077a63361c0\">Herunterladen<\/a><\/div>\n\n\n\n<div class=\"wp-block-file\"><a id=\"wp-block-file--media-d80909f4-0535-4928-958c-1e7c1a26814b\" href=\"https:\/\/www.borg-gastein.salzburg.at\/plo\/wp-content\/uploads\/2025\/12\/Themenpool_CH_8a_Bogner_2526.pdf\">Themenpool_CH_8a_Bogner_2526<\/a><a href=\"https:\/\/www.borg-gastein.salzburg.at\/plo\/wp-content\/uploads\/2025\/12\/Themenpool_CH_8a_Bogner_2526.pdf\" class=\"wp-block-file__button wp-element-button\" download aria-describedby=\"wp-block-file--media-d80909f4-0535-4928-958c-1e7c1a26814b\">Herunterladen<\/a><\/div>\n\n\n\n<div class=\"wp-block-file\"><a id=\"wp-block-file--media-f73bcd76-66d0-4083-a001-f2bd61d9dbb1\" href=\"https:\/\/www.borg-gastein.salzburg.at\/plo\/wp-content\/uploads\/2025\/12\/Themenpool_F8a_25_26.pdf\">Themenpool_F8a_25_26<\/a><a href=\"https:\/\/www.borg-gastein.salzburg.at\/plo\/wp-content\/uploads\/2025\/12\/Themenpool_F8a_25_26.pdf\" class=\"wp-block-file__button wp-element-button\" download aria-describedby=\"wp-block-file--media-f73bcd76-66d0-4083-a001-f2bd61d9dbb1\">Herunterladen<\/a><\/div>\n\n\n\n<div class=\"wp-block-file\"><a id=\"wp-block-file--media-90636f85-70ec-4efc-b66a-9fc86cab7766\" href=\"https:\/\/www.borg-gastein.salzburg.at\/plo\/wp-content\/uploads\/2025\/12\/Themenpool_M_8a_Bogner_2526.pdf\">Themenpool_M_8a_Bogner_2526<\/a><a href=\"https:\/\/www.borg-gastein.salzburg.at\/plo\/wp-content\/uploads\/2025\/12\/Themenpool_M_8a_Bogner_2526.pdf\" class=\"wp-block-file__button wp-element-button\" download aria-describedby=\"wp-block-file--media-90636f85-70ec-4efc-b66a-9fc86cab7766\">Herunterladen<\/a><\/div>\n\n\n\n<div class=\"wp-block-file\"><a id=\"wp-block-file--media-bdd63517-5f09-474b-ab62-82822e3f1133\" href=\"https:\/\/www.borg-gastein.salzburg.at\/plo\/wp-content\/uploads\/2025\/12\/Themenpool_PH_8a_Hagen_2526.pdf\">Themenpool_PH_8a_Hagen_2526<\/a><a href=\"https:\/\/www.borg-gastein.salzburg.at\/plo\/wp-content\/uploads\/2025\/12\/Themenpool_PH_8a_Hagen_2526.pdf\" class=\"wp-block-file__button wp-element-button\" download aria-describedby=\"wp-block-file--media-bdd63517-5f09-474b-ab62-82822e3f1133\">Herunterladen<\/a><\/div>\n\n\n\n<div class=\"wp-block-file\"><a id=\"wp-block-file--media-4e722435-b2fc-48d4-90ad-ecd0092146ad\" href=\"https:\/\/www.borg-gastein.salzburg.at\/plo\/wp-content\/uploads\/2025\/12\/Themenpool_Spa8a_25_26.pdf\">Themenpool_Spa8a_25_26<\/a><a href=\"https:\/\/www.borg-gastein.salzburg.at\/plo\/wp-content\/uploads\/2025\/12\/Themenpool_Spa8a_25_26.pdf\" class=\"wp-block-file__button wp-element-button\" download aria-describedby=\"wp-block-file--media-4e722435-b2fc-48d4-90ad-ecd0092146ad\">Herunterladen<\/a><\/div>\n\n\n\n<div class=\"wp-block-file\"><a id=\"wp-block-file--media-60d01237-6a4a-4455-8e68-c7a40df035f8\" href=\"https:\/\/www.borg-gastein.salzburg.at\/plo\/wp-content\/uploads\/2025\/12\/BU-Hag-8a-2026.pdf\">BU (Hag) 8a 2026<\/a><a href=\"https:\/\/www.borg-gastein.salzburg.at\/plo\/wp-content\/uploads\/2025\/12\/BU-Hag-8a-2026.pdf\" class=\"wp-block-file__button wp-element-button\" download aria-describedby=\"wp-block-file--media-60d01237-6a4a-4455-8e68-c7a40df035f8\">Herunterladen<\/a><\/div>\n\n\n\n<div class=\"wp-block-file\"><a id=\"wp-block-file--media-ea0eb791-fbe9-4669-b8bf-4cb9d3833296\" href=\"https:\/\/www.borg-gastein.salzburg.at\/plo\/wp-content\/uploads\/2025\/12\/GWK8a_Porkert.pdf\">GWK8a_Porkert<\/a><a href=\"https:\/\/www.borg-gastein.salzburg.at\/plo\/wp-content\/uploads\/2025\/12\/GWK8a_Porkert.pdf\" class=\"wp-block-file__button wp-element-button\" download aria-describedby=\"wp-block-file--media-ea0eb791-fbe9-4669-b8bf-4cb9d3833296\">Herunterladen<\/a><\/div>\n\n\n\n<div class=\"wp-block-file\"><a id=\"wp-block-file--media-fd360b24-2d68-4f8a-8a6c-b705b9272681\" href=\"https:\/\/www.borg-gastein.salzburg.at\/plo\/wp-content\/uploads\/2025\/12\/MU_8a_Wieland_2025_26.pdf\">MU_8a_Wieland_2025_26<\/a><a href=\"https:\/\/www.borg-gastein.salzburg.at\/plo\/wp-content\/uploads\/2025\/12\/MU_8a_Wieland_2025_26.pdf\" class=\"wp-block-file__button wp-element-button\" download aria-describedby=\"wp-block-file--media-fd360b24-2d68-4f8a-8a6c-b705b9272681\">Herunterladen<\/a><\/div>\n\n\n\n<div class=\"wp-block-file\"><a id=\"wp-block-file--media-81a01305-169c-4ea2-9b68-1dd7f00e2207\" href=\"https:\/\/www.borg-gastein.salzburg.at\/plo\/wp-content\/uploads\/2025\/12\/NAWI-Hag-Bog-8a-2026.pdf\">NAWI+ (Hag Bog) 8a 2026<\/a><a href=\"https:\/\/www.borg-gastein.salzburg.at\/plo\/wp-content\/uploads\/2025\/12\/NAWI-Hag-Bog-8a-2026.pdf\" class=\"wp-block-file__button wp-element-button\" download aria-describedby=\"wp-block-file--media-81a01305-169c-4ea2-9b68-1dd7f00e2207\">Herunterladen<\/a><\/div>\n\n\n\n<div class=\"wp-block-file\"><a id=\"wp-block-file--media-85d0b2f7-fde7-487b-8ff6-23ef98e36ea2\" href=\"https:\/\/www.borg-gastein.salzburg.at\/plo\/wp-content\/uploads\/2025\/12\/IUKL8a8b_Oettl.pdf\">IUKL8a8b_O\u0308ttl<\/a><a href=\"https:\/\/www.borg-gastein.salzburg.at\/plo\/wp-content\/uploads\/2025\/12\/IUKL8a8b_Oettl.pdf\" class=\"wp-block-file__button wp-element-button\" download aria-describedby=\"wp-block-file--media-85d0b2f7-fde7-487b-8ff6-23ef98e36ea2\">Herunterladen<\/a><\/div>\n\n\n\n<div class=\"wp-block-file\"><a id=\"wp-block-file--media-23c0e842-562e-45f2-adf9-8ab21f37f3f1\" href=\"https:\/\/www.borg-gastein.salzburg.at\/plo\/wp-content\/uploads\/2025\/12\/IUTRP8a8b_Oettl.pdf\">IUTRP8a8b_O\u0308ttl<\/a><a href=\"https:\/\/www.borg-gastein.salzburg.at\/plo\/wp-content\/uploads\/2025\/12\/IUTRP8a8b_Oettl.pdf\" class=\"wp-block-file__button wp-element-button\" download aria-describedby=\"wp-block-file--media-23c0e842-562e-45f2-adf9-8ab21f37f3f1\">Herunterladen<\/a><\/div>\n\n\n\n<div class=\"wp-block-file\"><a id=\"wp-block-file--media-c1b96900-dba4-4aef-8272-a459616c1355\" href=\"https:\/\/www.borg-gastein.salzburg.at\/plo\/wp-content\/uploads\/2025\/12\/IUEGIT-Themenbereiche-2025-26.pdf\">IUEGIT Themenbereiche 2025-26<\/a><a href=\"https:\/\/www.borg-gastein.salzburg.at\/plo\/wp-content\/uploads\/2025\/12\/IUEGIT-Themenbereiche-2025-26.pdf\" class=\"wp-block-file__button wp-element-button\" download aria-describedby=\"wp-block-file--media-c1b96900-dba4-4aef-8272-a459616c1355\">Herunterladen<\/a><\/div>\n\n\n\n<div class=\"wp-block-file\"><a id=\"wp-block-file--media-c587e807-0f34-4ffb-840f-7ca61c459feb\" href=\"https:\/\/www.borg-gastein.salzburg.at\/plo\/wp-content\/uploads\/2025\/12\/IUGIT-Themenbereiche-2025.26.pdf\">IUGIT Themenbereiche 2025.26<\/a><a href=\"https:\/\/www.borg-gastein.salzburg.at\/plo\/wp-content\/uploads\/2025\/12\/IUGIT-Themenbereiche-2025.26.pdf\" class=\"wp-block-file__button wp-element-button\" download aria-describedby=\"wp-block-file--media-c587e807-0f34-4ffb-840f-7ca61c459feb\">Herunterladen<\/a><\/div>\n\n\n\n<div class=\"wp-block-file\"><a id=\"wp-block-file--media-5d813705-470f-426d-a2a6-1a8e52c48e0d\" href=\"https:\/\/www.borg-gastein.salzburg.at\/plo\/wp-content\/uploads\/2026\/01\/Themenbereiche-2025-26-8abTanz-Petrova-Ultschnig-.pdf\">Themenbereiche 2025-26 8ab,Tanz, Petrova-Ultschnig<\/a><a href=\"https:\/\/www.borg-gastein.salzburg.at\/plo\/wp-content\/uploads\/2026\/01\/Themenbereiche-2025-26-8abTanz-Petrova-Ultschnig-.pdf\" class=\"wp-block-file__button wp-element-button\" download aria-describedby=\"wp-block-file--media-5d813705-470f-426d-a2a6-1a8e52c48e0d\">Herunterladen<\/a><\/div>\n","protected":false},"excerpt":{"rendered":"","protected":false},"author":5,"featured_media":0,"parent":0,"menu_order":0,"comment_status":"closed","ping_status":"closed","template":"","meta":{"footnotes":""},"class_list":["post-1912","page","type-page","status-publish","hentry"],"_links":{"self":[{"href":"https:\/\/www.borg-gastein.salzburg.at\/plo\/wp-json\/wp\/v2\/pages\/1912","targetHints":{"allow":["GET"]}}],"collection":[{"href":"https:\/\/www.borg-gastein.salzburg.at\/plo\/wp-json\/wp\/v2\/pages"}],"about":[{"href":"https:\/\/www.borg-gastein.salzburg.at\/plo\/wp-json\/wp\/v2\/types\/page"}],"author":[{"embeddable":true,"href":"https:\/\/www.borg-gastein.salzburg.at\/plo\/wp-json\/wp\/v2\/users\/5"}],"replies":[{"embeddable":true,"href":"https:\/\/www.borg-gastein.salzburg.at\/plo\/wp-json\/wp\/v2\/comments?post=1912"}],"version-history":[{"count":6,"href":"https:\/\/www.borg-gastein.salzburg.at\/plo\/wp-json\/wp\/v2\/pages\/1912\/revisions"}],"predecessor-version":[{"id":1943,"href":"https:\/\/www.borg-gastein.salzburg.at\/plo\/wp-json\/wp\/v2\/pages\/1912\/revisions\/1943"}],"wp:attachment":[{"href":"https:\/\/www.borg-gastein.salzburg.at\/plo\/wp-json\/wp\/v2\/media?parent=1912"}],"curies":[{"name":"wp","href":"https:\/\/api.w.org\/{rel}","templated":true}]}}