{"id":232,"date":"2022-05-09T13:42:33","date_gmt":"2022-05-09T11:42:33","guid":{"rendered":"https:\/\/www.borg-gastein.salzburg.at\/plo\/?page_id=232"},"modified":"2024-02-22T17:28:37","modified_gmt":"2024-02-22T16:28:37","slug":"allgemein","status":"publish","type":"page","link":"https:\/\/www.borg-gastein.salzburg.at\/plo\/allgemein\/","title":{"rendered":"Allgemein"},"content":{"rendered":"\n<h3 class=\"wp-block-heading\">Mag.\u00aa Christ Elisabeth (Bewegung &amp; Sport)<\/h3>\n\n\n\n<p>Es gibt in Bad Hofgastein eine seltene Vielfalt an externen M\u00f6glichkeiten im Winter und Sommer, die, abgesehen von den Aktivit\u00e4ten im Turnsaal, an Abwechslung f\u00fcr den Schulsport nichts zu w\u00fcnschen \u00fcbrig l\u00e4sst:<br>Alpen Therme und Fitnessstudio, Sportplatz mit Beachvolleyball, Minigolf \u2013 Anlage, Eislaufplatz, Eisstockbahn, Rodelbahn, Skigebiet Schlossalm \u2013 Stubnerkogel (Ben\u00fctzung ohne Entgelt f\u00fcr unsere Schule).<br>Und diese Angebote werden von uns allen rege gen\u00fctzt!<\/p>\n\n\n\n<p><\/p>\n\n\n\n<h3 class=\"wp-block-heading\">Mag. Hubert Winkler (Religion)<\/h3>\n\n\n\n<p>Gr\u00fc\u00df Gott!<br><br>Ich bin seit dem Schuljahr 2009\/10 mit dem Religionsunterricht im BORG Gastein betraut.<br>Religion, das ist in mehrerlei Hinsicht ein ganz besonderes Unterrichtsfach.<\/p>\n\n\n\n<p>Zum Ersten ist es freiwillig.<br>Das bedeutet im Konkreten, dass die Gruppen vielfach kleiner sind und die Bereitschaft sich konstruktiv am Geschehen zu beteiligen gr\u00f6\u00dfer ist. Das schafft eine besondere, individuelle Atmosph\u00e4re in der jeder zu Wort kommen kann.<\/p>\n\n\n\n<p><br>Zum Zweiten herrscht in diesem Fach nicht der Leistungsdruck, den manche Sch\u00fclerInnen von anderen F\u00e4chern her kennen. Vielmehr bietet sich hier die Gelegenheit sich mit konkreten Fragen und Schwierigkeiten, aber auch mit den Freuden der Lebenswelt der Sch\u00fclerInnen auseinanderzusetzen.<br><br>Drittens spielen gerade im Reli-Unterricht zentrale ethische, soziale und spirituelle Fragestellungen eine wichtige Rolle und die pers\u00f6nlichkeits- und meinungsbildende Funktion dieses Faches wurde auch von Sch\u00fcleInnen best\u00e4tigt (Quelle: Sch\u00fclerbefragung bez\u00fcglich Religionsunterricht).<br><br>Religionsunterricht bietet also ein Sch\u00fclerInnenzentriertes, abwechslungsreiches Programm, das nicht nur (religi\u00f6ses, kulturelles und ethisches) Sachwissen vermittelt, sondern auch den Sch\u00fcler, die Sch\u00fclerin mit ihren konkreten Fragen und Herausforderungen ernst nimmt und in den Unterricht integriert. Das so erlangte Orientierungswissen kann das Leben bereichern und in der Lebenssituation Orientierung bieten.<br><br>Meine Motivation ist es, zusammen mit den Sch\u00fclerInnen die existenziellen Belange von Glauben, Leben und (Lebens-) Sinn zu thematisieren und zu versuchen, mit ihnen gemeinsam sinnvolle Antworten bez\u00fcglich ihrer grundlegenden Anliegen zu finden.<br><br>Dar\u00fcber hinaus wird versucht, die Sch\u00fclerInnen auf einen konstruktiven und vorurteilsfreien interkonfessionellen und interreligi\u00f6sen Dialog vorzubereiten. In einer pluralistischen, globalisierten Welt spielt der Erwerb von interkulturellen und interreligi\u00f6sen Kompetenzen eine entscheidende Rolle und gerade der Religionsunterricht muss diesem Faktum Rechnung tragen.<br><br>Die Methodik ist abwechslungsreich und beinhaltet auch den Umgang mit neuen Medien.<br>Da Religion vier Jahre lang unterrichtet wird, besteht nat\u00fcrlich auch die M\u00f6glichkeit in diesem Fach m\u00fcndlich zu maturieren.<br><br>In diesem Sinne hoffe ich auf rege Beteiligung an dem besonderen Unterrichtsgegenstand Religion!<\/p>\n","protected":false},"excerpt":{"rendered":"<p>Mag.\u00aa Christ Elisabeth (Bewegung &amp; Sport) Es gibt in Bad Hofgastein eine seltene Vielfalt an<\/p>\n","protected":false},"author":1,"featured_media":0,"parent":0,"menu_order":0,"comment_status":"closed","ping_status":"closed","template":"","meta":{"footnotes":""},"class_list":["post-232","page","type-page","status-publish","hentry"],"_links":{"self":[{"href":"https:\/\/www.borg-gastein.salzburg.at\/plo\/wp-json\/wp\/v2\/pages\/232","targetHints":{"allow":["GET"]}}],"collection":[{"href":"https:\/\/www.borg-gastein.salzburg.at\/plo\/wp-json\/wp\/v2\/pages"}],"about":[{"href":"https:\/\/www.borg-gastein.salzburg.at\/plo\/wp-json\/wp\/v2\/types\/page"}],"author":[{"embeddable":true,"href":"https:\/\/www.borg-gastein.salzburg.at\/plo\/wp-json\/wp\/v2\/users\/1"}],"replies":[{"embeddable":true,"href":"https:\/\/www.borg-gastein.salzburg.at\/plo\/wp-json\/wp\/v2\/comments?post=232"}],"version-history":[{"count":3,"href":"https:\/\/www.borg-gastein.salzburg.at\/plo\/wp-json\/wp\/v2\/pages\/232\/revisions"}],"predecessor-version":[{"id":472,"href":"https:\/\/www.borg-gastein.salzburg.at\/plo\/wp-json\/wp\/v2\/pages\/232\/revisions\/472"}],"wp:attachment":[{"href":"https:\/\/www.borg-gastein.salzburg.at\/plo\/wp-json\/wp\/v2\/media?parent=232"}],"curies":[{"name":"wp","href":"https:\/\/api.w.org\/{rel}","templated":true}]}}