{"id":242,"date":"2022-05-09T13:43:01","date_gmt":"2022-05-09T11:43:01","guid":{"rendered":"https:\/\/www.borg-gastein.salzburg.at\/plo\/?page_id=242"},"modified":"2025-04-29T10:20:51","modified_gmt":"2025-04-29T08:20:51","slug":"sga","status":"publish","type":"page","link":"https:\/\/www.borg-gastein.salzburg.at\/plo\/sga\/","title":{"rendered":"SGA"},"content":{"rendered":"\n<p><strong>Der Schulgemeinschaftsausschuss<\/strong><\/p>\n\n\n\n<p>Die Aufgaben und Rechte des SGA sind geregelt im \u00a7 64 des Schulunterrichtsgesetzes.<br><br><strong>ORGANISATION<\/strong><\/p>\n\n\n\n<blockquote class=\"wp-block-quote is-layout-flow wp-block-quote-is-layout-flow\">\n<p>Dem Schulgemeinschaftsausschuss (SGA) geh\u00f6ren der Schulleiter und je drei Vertreter der Lehrer, der Sch\u00fcler und der Erziehungsberechtigten an.<br>Jedem Mitglied der im SGA vertretenen Gruppen (Lehrer, Sch\u00fcler, Eltern) kommt eine beschlie\u00dfende Stimme zu. Stimmenthaltung ist ebenso unzul\u00e4ssig wie die \u00dcbertragung der Stimme auf eine andere Person. Der Schulleiter hat keine beschlie\u00dfende Stimme.<\/p>\n<\/blockquote>\n\n\n\n<p>Jedes Schuljahr haben mindestens zwei Sitzungen, davon die erste innerhalb von zwei Wochen nach der Bestellung der Lehrer, Sch\u00fcler und Elternvertreter f\u00fcr dieses Schuljahr, stattzufinden.<\/p>\n\n\n\n<blockquote class=\"wp-block-quote is-layout-flow wp-block-quote-is-layout-flow\">\n<p>Den Vorsitz im SGA f\u00fchrt der Schulleiter.<br>F\u00fcr einen Beschluss sind die Anwesenheit von mindestens je zwei Dritteln des Eltern-, Sch\u00fclerInnen- und LehrerInnengremiums erforderlich. <\/p>\n<\/blockquote>\n\n\n\n<p><strong>Dem SGA obliegen<\/strong><br><strong>1. Entscheidung \u00fcber \u2026<\/strong><\/p>\n\n\n\n<blockquote class=\"wp-block-quote is-layout-flow wp-block-quote-is-layout-flow\">\n<p>mehrt\u00e4gige Schulveranstaltungen,<br>die Erkl\u00e4rung einer Veranstaltung zu einer schulbezogenen Veranstaltung,<br>die Durchf\u00fchrung (einschlie\u00dflich der Terminfestlegung) von Elternsprechtagen,<br>die Hausordnung,<br>die Bewilligung zur Durchf\u00fchrung von Sammlungen,<br>die Bewilligung zur Organisierung der Teilnahme von Sch\u00fclern an Veranstaltungen,<br>die Durchf\u00fchrung von Veranstaltungen der Schulbahnberatung,<br>Vorhaben, die der Mitgestaltung des Schullebens dienen,<br>die Erlassung schulautonomer Lehrplanbestimmungen,<br>die schulautonome Festlegung von Er\u00f6ffnungs-\u00ad und Teilungszahlen,<br>schulautonome Schulzeitregelungen,<br>die Erstellung von Richtlinien \u00fcber die Wiederverwendung von Schulb\u00fcchern.<\/p>\n<\/blockquote>\n\n\n\n<p><strong>2. Die Beratung insbesondere \u00fcber \u2026<\/strong><\/p>\n\n\n\n<blockquote class=\"wp-block-quote is-layout-flow wp-block-quote-is-layout-flow\">\n<p>wichtige Fragen des Unterrichtes,<br>wichtige Fragen der Erziehung,<br>Fragen der Planung von Schulveranstaltungen,<br>die Wahl von Unterrichtsmitteln,<br>die Verwendung von der Schule zur Verwaltung \u00fcbertragenen Budgetmitteln,<br>Bauma\u00dfnahmen im Bereich der Schule<\/p>\n<\/blockquote>\n\n\n\n<p><strong>Der SGA setzt sich aus folgenden Mitgliedern zusammen:<\/strong><\/p>\n\n\n\n<p>ElternvertreterInnen:<br>Hr. Wolfgang Triegler (Obmann)<br>Fr. Elisabeth Grutschnig<br>Fr. Tina Ferdiny<br><\/p>\n\n\n\n<p>Sch\u00fclervertreterInnen:<br>Fr. Mara Brandauer<br>Fr. Hanna Prommegger<br>Hr. Tobias Gratz<br><\/p>\n\n\n\n<p>LehrervertreterInnen:<br>Fr. Mag. Elisabeth Wieland MA<br>Fr. Mag. Sandra Scharfetter <br>Hr. Mag. Andreas Prause<br><\/p>\n","protected":false},"excerpt":{"rendered":"<p>Der Schulgemeinschaftsausschuss Die Aufgaben und Rechte des SGA sind geregelt im \u00a7 64 des Schulunterrichtsgesetzes.<\/p>\n","protected":false},"author":1,"featured_media":0,"parent":0,"menu_order":0,"comment_status":"closed","ping_status":"closed","template":"","meta":{"footnotes":""},"class_list":["post-242","page","type-page","status-publish","hentry"],"_links":{"self":[{"href":"https:\/\/www.borg-gastein.salzburg.at\/plo\/wp-json\/wp\/v2\/pages\/242","targetHints":{"allow":["GET"]}}],"collection":[{"href":"https:\/\/www.borg-gastein.salzburg.at\/plo\/wp-json\/wp\/v2\/pages"}],"about":[{"href":"https:\/\/www.borg-gastein.salzburg.at\/plo\/wp-json\/wp\/v2\/types\/page"}],"author":[{"embeddable":true,"href":"https:\/\/www.borg-gastein.salzburg.at\/plo\/wp-json\/wp\/v2\/users\/1"}],"replies":[{"embeddable":true,"href":"https:\/\/www.borg-gastein.salzburg.at\/plo\/wp-json\/wp\/v2\/comments?post=242"}],"version-history":[{"count":8,"href":"https:\/\/www.borg-gastein.salzburg.at\/plo\/wp-json\/wp\/v2\/pages\/242\/revisions"}],"predecessor-version":[{"id":1853,"href":"https:\/\/www.borg-gastein.salzburg.at\/plo\/wp-json\/wp\/v2\/pages\/242\/revisions\/1853"}],"wp:attachment":[{"href":"https:\/\/www.borg-gastein.salzburg.at\/plo\/wp-json\/wp\/v2\/media?parent=242"}],"curies":[{"name":"wp","href":"https:\/\/api.w.org\/{rel}","templated":true}]}}