{"id":249,"date":"2022-05-09T13:43:58","date_gmt":"2022-05-09T11:43:58","guid":{"rendered":"https:\/\/www.borg-gastein.salzburg.at\/plo\/?page_id=249"},"modified":"2024-02-21T10:01:14","modified_gmt":"2024-02-21T09:01:14","slug":"stundentafel","status":"publish","type":"page","link":"https:\/\/www.borg-gastein.salzburg.at\/plo\/stundentafel\/","title":{"rendered":"Stundentafel"},"content":{"rendered":"\n<figure class=\"wp-block-table\"><table><tbody><tr><td>Klasse<\/td><td>5<\/td><td>6<\/td><td>7<\/td><td>8<\/td><td>ges.<\/td><\/tr><tr><td><strong>Religion<\/strong><\/td><td>2<\/td><td>2<\/td><td>2<\/td><td>2<\/td><td><strong>8<\/strong><\/td><\/tr><tr><td><strong>Deutsch<\/strong><\/td><td>3<\/td><td>3 <strong>+ 1 *)<\/strong><\/td><td>3<\/td><td>3<\/td><td><strong>13<\/strong><\/td><\/tr><tr><td><strong>Englisch<\/strong><\/td><td>3<\/td><td>2 <strong>+ 1 *)<\/strong><\/td><td>3<\/td><td>3<\/td><td><strong>12<\/strong><\/td><\/tr><tr><td><strong>Latein \/<\/strong><br><strong>Franz\u00f6sisch **)<\/strong><\/td><td>3<br>3<\/td><td>3<br>3<\/td><td>3<br>2<strong> + 1 *)<\/strong><\/td><td>3<br>3<\/td><td><strong>12<\/strong><\/td><\/tr><tr><td><strong>Geschichte, Sozialkkunde und politische Bildung<\/strong><\/td><td>1<\/td><td>2<\/td><td>2<\/td><td>2<\/td><td><strong>7<\/strong><\/td><\/tr><tr><td><strong>Geografie und Wirtschaftskunde<\/strong><\/td><td>2<\/td><td>2<\/td><td>2<\/td><td>&#8211;<\/td><td><strong>6<\/strong><\/td><\/tr><tr><td><strong>Mathematik<\/strong><\/td><td>3<\/td><td>3<\/td><td>3<\/td><td>3<\/td><td><strong>12<\/strong><\/td><\/tr><tr><td><strong>Biologie und Umweltkunde<\/strong><\/td><td>2<\/td><td>2<\/td><td>&#8211;<\/td><td>2<\/td><td><strong>6<\/strong><\/td><\/tr><tr><td><strong>Chemie<\/strong><\/td><td>&#8211;<\/td><td>&#8211;<\/td><td>2<\/td><td>2<\/td><td><strong>4<\/strong><\/td><\/tr><tr><td><strong>Physik<\/strong><\/td><td>&#8211;<\/td><td>2<\/td><td>1<strong> + 1 *)<\/strong><\/td><td>2<\/td><td><strong>6<\/strong><\/td><\/tr><tr><td><strong>Philosophie Psychologie<\/strong><\/td><td>&#8211;<\/td><td>&#8211;<\/td><td>2<\/td><td>2<\/td><td><strong>4<\/strong><\/td><\/tr><tr><td><strong>Informatik<\/strong><\/td><td>2<\/td><td>&#8211;<\/td><td>&#8211;<\/td><td>&#8211;<\/td><td><strong>2<\/strong><\/td><\/tr><tr><td><strong>Musikerziehung<\/strong><\/td><td>2<\/td><td>2<\/td><td>2<\/td><td>2<\/td><td><strong>8<\/strong><\/td><\/tr><tr><td><strong>Bildnerische Erziehung<\/strong><\/td><td>2<\/td><td>2<\/td><td><strong>2 *)<\/strong><\/td><td><strong>2 *)<\/strong><\/td><td><strong>8<\/strong><\/td><\/tr><tr><td><strong>Instrumental \/ Vocal \/ Tanz **)<\/strong><\/td><td>2<\/td><td>2<\/td><td>1 <strong>+ 1 *)<\/strong><\/td><td>1 <strong>+ 1 *)<\/strong><\/td><td><strong>8<\/strong><\/td><\/tr><tr><td><strong>Bewegung und Sport<\/strong><\/td><td>2<\/td><td>2<\/td><td>2<\/td><td>2<\/td><td><strong>8<\/strong><\/td><\/tr><tr><td><strong>Wahlpflicht ***)<\/strong><\/td><td>&#8211;<\/td><td>2<\/td><td>2<\/td><td>2<\/td><td><strong>6<\/strong><\/td><\/tr><tr><td><strong>gesamt<\/strong><\/td><td><strong>29<\/strong><\/td><td><strong>33<\/strong><\/td><td><strong>34<\/strong><\/td><td><strong>34<\/strong><\/td><td><strong>130<\/strong><\/td><\/tr><\/tbody><\/table><\/figure>\n\n\n\n<p>*) = Schwerpunktstunden **) = alternativ zur Wahl<br>***) = es werden folgende schulautonome Wahlpflichtgegenst\u00e4nde zus\u00e4tzlich angeboten:<\/p>\n\n\n\n<p>Multimedia Art: 3-j\u00e4hrig, NAWI+: 3-j\u00e4hrig, Spanisch: 3-j\u00e4hrig<\/p>\n","protected":false},"excerpt":{"rendered":"<p>Klasse 5 6 7 8 ges. Religion 2 2 2 2 8 Deutsch 3 3<\/p>\n","protected":false},"author":1,"featured_media":0,"parent":0,"menu_order":0,"comment_status":"closed","ping_status":"closed","template":"","meta":{"footnotes":""},"class_list":["post-249","page","type-page","status-publish","hentry"],"_links":{"self":[{"href":"https:\/\/www.borg-gastein.salzburg.at\/plo\/wp-json\/wp\/v2\/pages\/249","targetHints":{"allow":["GET"]}}],"collection":[{"href":"https:\/\/www.borg-gastein.salzburg.at\/plo\/wp-json\/wp\/v2\/pages"}],"about":[{"href":"https:\/\/www.borg-gastein.salzburg.at\/plo\/wp-json\/wp\/v2\/types\/page"}],"author":[{"embeddable":true,"href":"https:\/\/www.borg-gastein.salzburg.at\/plo\/wp-json\/wp\/v2\/users\/1"}],"replies":[{"embeddable":true,"href":"https:\/\/www.borg-gastein.salzburg.at\/plo\/wp-json\/wp\/v2\/comments?post=249"}],"version-history":[{"count":6,"href":"https:\/\/www.borg-gastein.salzburg.at\/plo\/wp-json\/wp\/v2\/pages\/249\/revisions"}],"predecessor-version":[{"id":1668,"href":"https:\/\/www.borg-gastein.salzburg.at\/plo\/wp-json\/wp\/v2\/pages\/249\/revisions\/1668"}],"wp:attachment":[{"href":"https:\/\/www.borg-gastein.salzburg.at\/plo\/wp-json\/wp\/v2\/media?parent=249"}],"curies":[{"name":"wp","href":"https:\/\/api.w.org\/{rel}","templated":true}]}}