{"id":264,"date":"2022-05-09T13:46:06","date_gmt":"2022-05-09T11:46:06","guid":{"rendered":"https:\/\/www.borg-gastein.salzburg.at\/plo\/?page_id=264"},"modified":"2022-07-05T14:44:44","modified_gmt":"2022-07-05T12:44:44","slug":"mittagstisch","status":"publish","type":"page","link":"https:\/\/www.borg-gastein.salzburg.at\/plo\/mittagstisch\/","title":{"rendered":"Mittagstisch"},"content":{"rendered":"\n<p>Der Mittagstisch wird dankenswerterweise von den Tourismusschulen Bad Hofgastein f\u00fcr uns organisiert. T\u00e4glich von Montag bis Freitag erhalten unsere Sch\u00fclerInnen ein zusammengestelltes, ausgewogenes und abwechslungsreiches Men\u00fc. Das zumeist dreig\u00e4ngige Men\u00fc \u2013 Suppe oder Vorspeise, Hauptspeise und Nachspeise \u2013 kostet inklusive einem Saftgetr\u00e4nk \u20ac 6,25 (Stand 2021\/22).<\/p>\n\n\n\n<p>Aus verwaltungstechnischen Gr\u00fcnden wird der Mittagstisch in zwei Pauschalen \u2013 jeweils zu Beginn des Semesters \u2013 bezahlt. F\u00fcr diese Pauschalzahlungen wird die genaue Anzahl der Unterrichtstage, abz\u00fcglich s\u00e4mtlicher Feiertage und Ferienzeiten, als Berechnungsgrundlage verwendet.<\/p>\n\n\n\n<p>Der Mittagstisch kann nur f\u00fcr die gesamte Woche angemeldet werden, es ist verwaltungstechnisch nicht m\u00f6glich, nur einzelne Tage anzumelden. Der Mittagstisch steht nicht nur unseren Heimsch\u00fclerInnen, sondern auch allen anderen ausw\u00e4rtigen Sch\u00fclerInnen zur Verf\u00fcgung.<\/p>\n","protected":false},"excerpt":{"rendered":"<p>Der Mittagstisch wird dankenswerterweise von den Tourismusschulen Bad Hofgastein f\u00fcr uns organisiert. T\u00e4glich von Montag<\/p>\n","protected":false},"author":1,"featured_media":0,"parent":0,"menu_order":0,"comment_status":"closed","ping_status":"closed","template":"","meta":{"footnotes":""},"class_list":["post-264","page","type-page","status-publish","hentry"],"_links":{"self":[{"href":"https:\/\/www.borg-gastein.salzburg.at\/plo\/wp-json\/wp\/v2\/pages\/264","targetHints":{"allow":["GET"]}}],"collection":[{"href":"https:\/\/www.borg-gastein.salzburg.at\/plo\/wp-json\/wp\/v2\/pages"}],"about":[{"href":"https:\/\/www.borg-gastein.salzburg.at\/plo\/wp-json\/wp\/v2\/types\/page"}],"author":[{"embeddable":true,"href":"https:\/\/www.borg-gastein.salzburg.at\/plo\/wp-json\/wp\/v2\/users\/1"}],"replies":[{"embeddable":true,"href":"https:\/\/www.borg-gastein.salzburg.at\/plo\/wp-json\/wp\/v2\/comments?post=264"}],"version-history":[{"count":6,"href":"https:\/\/www.borg-gastein.salzburg.at\/plo\/wp-json\/wp\/v2\/pages\/264\/revisions"}],"predecessor-version":[{"id":891,"href":"https:\/\/www.borg-gastein.salzburg.at\/plo\/wp-json\/wp\/v2\/pages\/264\/revisions\/891"}],"wp:attachment":[{"href":"https:\/\/www.borg-gastein.salzburg.at\/plo\/wp-json\/wp\/v2\/media?parent=264"}],"curies":[{"name":"wp","href":"https:\/\/api.w.org\/{rel}","templated":true}]}}