{"id":286,"date":"2022-05-09T14:00:46","date_gmt":"2022-05-09T12:00:46","guid":{"rendered":"https:\/\/www.borg-gastein.salzburg.at\/plo\/?page_id=286"},"modified":"2026-03-23T11:04:05","modified_gmt":"2026-03-23T10:04:05","slug":"anmeldung","status":"publish","type":"page","link":"https:\/\/www.borg-gastein.salzburg.at\/plo\/anmeldung\/","title":{"rendered":"Anmeldung"},"content":{"rendered":"\n<p><strong>ANMELDUNG 2026\/27<\/strong><\/p>\n\n\n\n<p><\/p>\n\n\n\n<div class=\"wp-block-file\"><a id=\"wp-block-file--media-f9afab37-1641-464f-b7f1-2a74f243f548\" href=\"https:\/\/www.borg-gastein.salzburg.at\/plo\/wp-content\/uploads\/2025\/09\/Info-Neuaufnahme-5.-Klasse-26-27-1.docx\">Info Neuaufnahme 5. Klasse 26-27<\/a><a href=\"https:\/\/www.borg-gastein.salzburg.at\/plo\/wp-content\/uploads\/2025\/09\/Info-Neuaufnahme-5.-Klasse-26-27-1.docx\" class=\"wp-block-file__button wp-element-button\" download aria-describedby=\"wp-block-file--media-f9afab37-1641-464f-b7f1-2a74f243f548\">Herunterladen<\/a><\/div>\n\n\n\n<div class=\"wp-block-file\"><a id=\"wp-block-file--media-8ce422e5-9bf3-464f-aa66-5c9280f7edd6\" href=\"https:\/\/www.borg-gastein.salzburg.at\/plo\/wp-content\/uploads\/2023\/09\/Anmeldung-Schuelerwohnheim.docx\">Anmeldung-Sch\u00fclerwohnheim<\/a><a href=\"https:\/\/www.borg-gastein.salzburg.at\/plo\/wp-content\/uploads\/2023\/09\/Anmeldung-Schuelerwohnheim.docx\" class=\"wp-block-file__button wp-element-button\" download aria-describedby=\"wp-block-file--media-8ce422e5-9bf3-464f-aa66-5c9280f7edd6\">Herunterladen<\/a><\/div>\n\n\n\n<div class=\"wp-block-file\"><a id=\"wp-block-file--media-8dfd6279-1b2a-4392-b643-67e0b59e3eca\" href=\"https:\/\/www.borg-gastein.salzburg.at\/plo\/wp-content\/uploads\/2025\/10\/Info-Wohnheim-Maxl-26_27-1.pdf\">Info Wohnheim Maxl 26_27<\/a><a href=\"https:\/\/www.borg-gastein.salzburg.at\/plo\/wp-content\/uploads\/2025\/10\/Info-Wohnheim-Maxl-26_27-1.pdf\" class=\"wp-block-file__button wp-element-button\" download aria-describedby=\"wp-block-file--media-8dfd6279-1b2a-4392-b643-67e0b59e3eca\">Herunterladen<\/a><\/div>\n\n\n\n<div class=\"wp-block-file\"><a id=\"wp-block-file--media-4d4c9ff6-2c01-46b5-bd45-718e74c1e4f3\" href=\"https:\/\/www.borg-gastein.salzburg.at\/plo\/wp-content\/uploads\/2025\/09\/Formular-Anmeldung-NEU_26-27.doc\">Formular &#8211; Anmeldung NEU_26-27<\/a><a href=\"https:\/\/www.borg-gastein.salzburg.at\/plo\/wp-content\/uploads\/2025\/09\/Formular-Anmeldung-NEU_26-27.doc\" class=\"wp-block-file__button wp-element-button\" download aria-describedby=\"wp-block-file--media-4d4c9ff6-2c01-46b5-bd45-718e74c1e4f3\">Herunterladen<\/a><\/div>\n\n\n\n<p><strong>NEUAUFNAHME<\/strong><\/p>\n\n\n\n<blockquote class=\"wp-block-quote is-layout-flow wp-block-quote-is-layout-flow\">\n<p><strong>Zeitraum:<\/strong>\u00a02. Anmelderunde: 16.03. &#8211; 30.04.2026 (ausgenommen Osterferien)<\/p>\n\n\n\n<p><strong>Zeit:<\/strong> 0<em>7.30 Uhr &#8211; 11.30 Uhr<\/em><\/p>\n\n\n\n<p><em>oder nach telefonischer Vereinbarung<\/em><\/p>\n\n\n\n<p><\/p>\n<\/blockquote>\n\n\n\n<p><strong>Mitzubringen im Original:<\/strong><\/p>\n\n\n\n<blockquote class=\"wp-block-quote is-layout-flow wp-block-quote-is-layout-flow\">\n<p>\u2022 Schulnachricht (wird zum Zeitpunkt der Anmeldung keine Schule besucht: Jahreszeugnis der zuletzt besuchten Schule).<br>\u2022 Staatsb\u00fcrgerschaftsnachweis (es gilt auch jener der Eltern).<br>\u2022 Geburtsurkunde.<\/p>\n<\/blockquote>\n\n\n\n<p><strong>Auszuf\u00fcllen:<\/strong><\/p>\n\n\n\n<blockquote class=\"wp-block-quote is-layout-flow wp-block-quote-is-layout-flow\">\n<p>\u2022 Anmeldeformular der Schule bzw. \u00dcberpr\u00fcfung des bereits abgegebenen Formulars.<br>\u2022 Anmeldeformular f\u00fcr das Sch\u00fclerheim.<br>Die Eltern erhalten Mitte Mai (2. Anmelderunde) die Information, ob ein vorl\u00e4ufiger Schulplatz zugewiesen wird. Dieser Platz ist verbindlich, sofern auch im Jahreszeugnis die Aufnahmevoraussetzungen erf\u00fcllt werden.<\/p>\n<\/blockquote>\n\n\n\n<p><strong>1. Aufnahmepr\u00fcfung:<\/strong><\/p>\n\n\n\n<p>Gem\u00e4\u00df der Beurteilungskonferenz der jeweiligen MS<\/p>\n\n\n\n<p>Keine Aufnahmepr\u00fcfung ist n\u00f6tig im:<\/p>\n\n\n\n<ul class=\"wp-block-list\">\n<li>Beurteilungsniveau Standard AHS<\/li>\n\n\n\n<li>Beurteilungsniveau Standard &#8211; keine schlechtere Beurteilung als &#8222;Gut&#8220;<\/li>\n<\/ul>\n\n\n\n<p>Bei einem positiven Abschluss einer Gymnasium \u2013 Unterstufe: keine Aufnahmepr\u00fcfung!<\/p>\n\n\n\n<p><strong>2. Eignungsberatung:<\/strong><\/p>\n\n\n\n<p>Erforderlich nur f\u00fcr Vokal&nbsp;und Tanz ab der 5. Klasse, sowie Wahlpflichgegenstand&nbsp;MULTI \u2013 MEDIA ART ab der 6. Klasse.&nbsp;<\/p>\n\n\n\n<div class=\"wp-block-file\"><a id=\"wp-block-file--media-01f0d084-29cc-4b48-a0f9-50404d019883\" href=\"https:\/\/www.borg-gastein.salzburg.at\/plo\/wp-content\/uploads\/2024\/10\/Eignungsberatung-Vokal_2024.docx\">Eignungsberatung-Vokal<\/a><a href=\"https:\/\/www.borg-gastein.salzburg.at\/plo\/wp-content\/uploads\/2024\/10\/Eignungsberatung-Vokal_2024.docx\" class=\"wp-block-file__button wp-element-button\" download aria-describedby=\"wp-block-file--media-01f0d084-29cc-4b48-a0f9-50404d019883\">Herunterladen<\/a><\/div>\n\n\n\n<div class=\"wp-block-file\"><a id=\"wp-block-file--media-cad698f5-3605-4bfb-8128-887c09df0c75\" href=\"https:\/\/www.borg-gastein.salzburg.at\/plo\/wp-content\/uploads\/2025\/09\/Eignungsberatung-Tanz_2026.docx\">Eignungsberatung Tanz_2026<\/a><a href=\"https:\/\/www.borg-gastein.salzburg.at\/plo\/wp-content\/uploads\/2025\/09\/Eignungsberatung-Tanz_2026.docx\" class=\"wp-block-file__button wp-element-button\" download aria-describedby=\"wp-block-file--media-cad698f5-3605-4bfb-8128-887c09df0c75\">Herunterladen<\/a><\/div>\n\n\n\n<p><strong>TERMINE \u2013 EIGNUNGSBERATUNG<\/strong><\/p>\n\n\n\n<ul class=\"wp-block-list\">\n<li>VOKAL: Dienstag, 05.05.2026 \u2013 13.15 Uhr \u2013 Musiksaal\/ EG<\/li>\n\n\n\n<li>TANZ:   Mittwoch, 06.05.2026 \u2013 14.00 Uhr \u2013 Tanzsaal\/ EG<\/li>\n<\/ul>\n\n\n\n<p><\/p>\n","protected":false},"excerpt":{"rendered":"<p>ANMELDUNG 2026\/27 NEUAUFNAHME Zeitraum:\u00a02. Anmelderunde: 16.03. &#8211; 30.04.2026 (ausgenommen Osterferien) Zeit: 07.30 Uhr &#8211; 11.30<\/p>\n","protected":false},"author":1,"featured_media":0,"parent":0,"menu_order":0,"comment_status":"closed","ping_status":"closed","template":"","meta":{"footnotes":""},"class_list":["post-286","page","type-page","status-publish","hentry"],"_links":{"self":[{"href":"https:\/\/www.borg-gastein.salzburg.at\/plo\/wp-json\/wp\/v2\/pages\/286","targetHints":{"allow":["GET"]}}],"collection":[{"href":"https:\/\/www.borg-gastein.salzburg.at\/plo\/wp-json\/wp\/v2\/pages"}],"about":[{"href":"https:\/\/www.borg-gastein.salzburg.at\/plo\/wp-json\/wp\/v2\/types\/page"}],"author":[{"embeddable":true,"href":"https:\/\/www.borg-gastein.salzburg.at\/plo\/wp-json\/wp\/v2\/users\/1"}],"replies":[{"embeddable":true,"href":"https:\/\/www.borg-gastein.salzburg.at\/plo\/wp-json\/wp\/v2\/comments?post=286"}],"version-history":[{"count":38,"href":"https:\/\/www.borg-gastein.salzburg.at\/plo\/wp-json\/wp\/v2\/pages\/286\/revisions"}],"predecessor-version":[{"id":1947,"href":"https:\/\/www.borg-gastein.salzburg.at\/plo\/wp-json\/wp\/v2\/pages\/286\/revisions\/1947"}],"wp:attachment":[{"href":"https:\/\/www.borg-gastein.salzburg.at\/plo\/wp-json\/wp\/v2\/media?parent=286"}],"curies":[{"name":"wp","href":"https:\/\/api.w.org\/{rel}","templated":true}]}}