{"id":371,"date":"2022-05-10T10:30:51","date_gmt":"2022-05-10T08:30:51","guid":{"rendered":"https:\/\/www.borg-gastein.salzburg.at\/plo\/?page_id=371"},"modified":"2022-05-10T10:31:49","modified_gmt":"2022-05-10T08:31:49","slug":"musikerziehung","status":"publish","type":"page","link":"https:\/\/www.borg-gastein.salzburg.at\/plo\/musikerziehung\/","title":{"rendered":"Musikerziehung"},"content":{"rendered":"\n<p>Da es sich um eine musisch-kreative Schwerpunktschule handelt, sollen die Sch\u00fclerInnen auch im Fach &#8222;Musikerziehung&#8220; (wird im Klassenverband unterrichtet) die M\u00f6glichkeit erhalten, eigene F\u00e4higkeiten zu entwickeln. Durch das Vermitteln grundlegender Kenntnisse in Notenkunde, Formenlehre und Musikgeschichte wird eine Basis f\u00fcr die praktische Anwendung im jeweiligen Instrumental- bzw. Vocalunterricht geboten. Ziel ist es, die Jugendlichen zu musischen und kritisch denkenden Menschen zu formen.<\/p>\n","protected":false},"excerpt":{"rendered":"<p>Da es sich um eine musisch-kreative Schwerpunktschule handelt, sollen die Sch\u00fclerInnen auch im Fach &#8222;Musikerziehung&#8220;<\/p>\n","protected":false},"author":1,"featured_media":0,"parent":0,"menu_order":0,"comment_status":"closed","ping_status":"closed","template":"","meta":{"footnotes":""},"class_list":["post-371","page","type-page","status-publish","hentry"],"_links":{"self":[{"href":"https:\/\/www.borg-gastein.salzburg.at\/plo\/wp-json\/wp\/v2\/pages\/371","targetHints":{"allow":["GET"]}}],"collection":[{"href":"https:\/\/www.borg-gastein.salzburg.at\/plo\/wp-json\/wp\/v2\/pages"}],"about":[{"href":"https:\/\/www.borg-gastein.salzburg.at\/plo\/wp-json\/wp\/v2\/types\/page"}],"author":[{"embeddable":true,"href":"https:\/\/www.borg-gastein.salzburg.at\/plo\/wp-json\/wp\/v2\/users\/1"}],"replies":[{"embeddable":true,"href":"https:\/\/www.borg-gastein.salzburg.at\/plo\/wp-json\/wp\/v2\/comments?post=371"}],"version-history":[{"count":2,"href":"https:\/\/www.borg-gastein.salzburg.at\/plo\/wp-json\/wp\/v2\/pages\/371\/revisions"}],"predecessor-version":[{"id":375,"href":"https:\/\/www.borg-gastein.salzburg.at\/plo\/wp-json\/wp\/v2\/pages\/371\/revisions\/375"}],"wp:attachment":[{"href":"https:\/\/www.borg-gastein.salzburg.at\/plo\/wp-json\/wp\/v2\/media?parent=371"}],"curies":[{"name":"wp","href":"https:\/\/api.w.org\/{rel}","templated":true}]}}