{"id":376,"date":"2022-05-10T10:33:37","date_gmt":"2022-05-10T08:33:37","guid":{"rendered":"https:\/\/www.borg-gastein.salzburg.at\/plo\/?page_id=376"},"modified":"2022-07-04T15:24:55","modified_gmt":"2022-07-04T13:24:55","slug":"multimediaart","status":"publish","type":"page","link":"https:\/\/www.borg-gastein.salzburg.at\/plo\/multimediaart\/","title":{"rendered":"MultimediaArt"},"content":{"rendered":"\n<figure class=\"wp-block-image size-large is-resized\"><img loading=\"lazy\" decoding=\"async\" src=\"https:\/\/www.borg-gastein.salzburg.at\/plo\/wp-content\/uploads\/2022\/05\/charis-1024x683.jpg\" alt=\"\" class=\"wp-image-377\" width=\"351\" height=\"234\" srcset=\"https:\/\/www.borg-gastein.salzburg.at\/plo\/wp-content\/uploads\/2022\/05\/charis-1024x683.jpg 1024w, https:\/\/www.borg-gastein.salzburg.at\/plo\/wp-content\/uploads\/2022\/05\/charis-300x200.jpg 300w, https:\/\/www.borg-gastein.salzburg.at\/plo\/wp-content\/uploads\/2022\/05\/charis-768x512.jpg 768w, https:\/\/www.borg-gastein.salzburg.at\/plo\/wp-content\/uploads\/2022\/05\/charis-1536x1024.jpg 1536w, https:\/\/www.borg-gastein.salzburg.at\/plo\/wp-content\/uploads\/2022\/05\/charis-2048x1365.jpg 2048w\" sizes=\"auto, (max-width: 351px) 100vw, 351px\" \/><\/figure>\n\n\n\n<p>Im Wahlpflichtfach MultimediaArt verbindest du Medientechnik mit Kunst. Produziere Filme, Musik oder Grafik. Daf\u00fcr stehen ein Audiostudio, ein Medienraum mit Multimedia-PCs und eine B\u00fchne f\u00fcr dich bereit. Lerne mit den neuesten Adobe-Programmen umzugehen oder versuche dich als Fotografin.<\/p>\n\n\n\n<p><a href=\"https:\/\/www.borg-gastein.salzburg.at\/plo\/multimediaart-fotografie\/\" data-type=\"page\" data-id=\"381\">Fotografie<\/a><\/p>\n\n\n\n<p><a href=\"https:\/\/www.borg-gastein.salzburg.at\/plo\/multimediaart-audiotechnik\/\" data-type=\"page\" data-id=\"446\">Audio- und Tontechnik<\/a><\/p>\n\n\n\n<p><a href=\"https:\/\/www.borg-gastein.salzburg.at\/plo\/multimediaart-film-und-video\/\" data-type=\"page\" data-id=\"463\">Film und Video<\/a><\/p>\n","protected":false},"excerpt":{"rendered":"<p>Im Wahlpflichtfach MultimediaArt verbindest du Medientechnik mit Kunst. Produziere Filme, Musik oder Grafik. Daf\u00fcr stehen<\/p>\n","protected":false},"author":1,"featured_media":0,"parent":0,"menu_order":0,"comment_status":"closed","ping_status":"closed","template":"","meta":{"footnotes":""},"class_list":["post-376","page","type-page","status-publish","hentry"],"_links":{"self":[{"href":"https:\/\/www.borg-gastein.salzburg.at\/plo\/wp-json\/wp\/v2\/pages\/376","targetHints":{"allow":["GET"]}}],"collection":[{"href":"https:\/\/www.borg-gastein.salzburg.at\/plo\/wp-json\/wp\/v2\/pages"}],"about":[{"href":"https:\/\/www.borg-gastein.salzburg.at\/plo\/wp-json\/wp\/v2\/types\/page"}],"author":[{"embeddable":true,"href":"https:\/\/www.borg-gastein.salzburg.at\/plo\/wp-json\/wp\/v2\/users\/1"}],"replies":[{"embeddable":true,"href":"https:\/\/www.borg-gastein.salzburg.at\/plo\/wp-json\/wp\/v2\/comments?post=376"}],"version-history":[{"count":6,"href":"https:\/\/www.borg-gastein.salzburg.at\/plo\/wp-json\/wp\/v2\/pages\/376\/revisions"}],"predecessor-version":[{"id":726,"href":"https:\/\/www.borg-gastein.salzburg.at\/plo\/wp-json\/wp\/v2\/pages\/376\/revisions\/726"}],"wp:attachment":[{"href":"https:\/\/www.borg-gastein.salzburg.at\/plo\/wp-json\/wp\/v2\/media?parent=376"}],"curies":[{"name":"wp","href":"https:\/\/api.w.org\/{rel}","templated":true}]}}