{"id":489,"date":"2022-05-10T16:17:55","date_gmt":"2022-05-10T14:17:55","guid":{"rendered":"https:\/\/www.borg-gastein.salzburg.at\/plo\/?page_id=489"},"modified":"2022-07-07T13:21:18","modified_gmt":"2022-07-07T11:21:18","slug":"franzoesisch","status":"publish","type":"page","link":"https:\/\/www.borg-gastein.salzburg.at\/plo\/franzoesisch\/","title":{"rendered":"Franz\u00f6sisch"},"content":{"rendered":"\n<figure class=\"wp-block-image size-full is-resized\"><img loading=\"lazy\" decoding=\"async\" src=\"https:\/\/www.borg-gastein.salzburg.at\/plo\/wp-content\/uploads\/2022\/05\/Flag_of_France.svg_-1.png\" alt=\"\" class=\"wp-image-491\" width=\"237\" height=\"158\" srcset=\"https:\/\/www.borg-gastein.salzburg.at\/plo\/wp-content\/uploads\/2022\/05\/Flag_of_France.svg_-1.png 1000w, https:\/\/www.borg-gastein.salzburg.at\/plo\/wp-content\/uploads\/2022\/05\/Flag_of_France.svg_-1-300x200.png 300w, https:\/\/www.borg-gastein.salzburg.at\/plo\/wp-content\/uploads\/2022\/05\/Flag_of_France.svg_-1-768x512.png 768w\" sizes=\"auto, (max-width: 237px) 100vw, 237px\" \/><\/figure>\n\n\n\n<p>Es ist Aufgabe des Fremdsprachenunterrichts am Gymnasium, die Sch\u00fclerinnen und Sch\u00fcler auf Begegnungen mit Menschen aus fremden L\u00e4ndern vorzubereiten. Sprachliche, landeskundliche und kulturelle Kenntnisse und Einsichten f\u00f6rdern dabei Gespr\u00e4chsbereitschaft, Verst\u00e4ndnis, Verantwortungsbewusstsein, Toleranz und Weltoffenheit. Ziel des Unterrichts ist deshalb der selbst\u00e4ndige, richtige und situativ angemessene m\u00fcndliche und schriftliche Gebrauch der jeweiligen Fremdsprache.<\/p>\n\n\n\n<p><br>Es ist uns ein besonderes Anliegen, dass unsere Sch\u00fclerInnen so fr\u00fch wie m\u00f6glich in Kontakt mit Muttersprachlern kommen, weshalb wir uns jedes Jahr um eine Sprachassistentin bzw. einen Sprachassistenten aus Frankreich bem\u00fchen.<br>Die 7. Klassen haben zudem die M\u00f6glichkeit, im Rahmen einer Sprachwoche mit ihren LehrerInnen nach Frankreich zu fahren.<\/p>\n\n\n\n<p>Warum Franz\u00f6sisch lernen?<br>Franz\u00f6sisch ist als eine der gro\u00dfen internationalen Sprachen Amtssprache in 35 Staaten der Welt.<br>Wer in Europa seinen Weg machen will, braucht die Sprachen der europ\u00e4ischen Partner. Die Annahme, dass die Kenntnis des Englischen allein daf\u00fcr ausreiche, ist ein Irrtum, denn \u00fcber 50 % der EU-Bev\u00f6lkerung spricht eine romanische Muttersprache (Franz\u00f6sisch, Spanisch, Italienisch, Portugiesisch). Die romanischen Sprachen sind einander sehr \u00e4hnlich. Wer Franz\u00f6sisch gelernt hat, dem f\u00e4llt es sp\u00e4ter leichter, auf dieser Grundlage auch andere romanische Sprachen zu erlernen.<\/p>\n\n\n\n<p>\u00dcbrigens sch\u00f6pft auch Englisch mehr als die H\u00e4lfte seines Wortschatzes aus den romanischen Sprachen.<\/p>\n\n\n\n<p>Ist Franz\u00f6sisch nicht zu schwierig?<br>Es ist eine weit verbreitete Bef\u00fcrchtung, dass Franz\u00f6sisch schwieriger sei als andere Sprachen. Es stimmt: Die Anfangsanforderungen sind in Englisch oder Spanisch sicher geringer, vor allem die Aussprache f\u00e4llt leichter. Aber nach 2 bis 3 Jahren entpuppt sich Franz\u00f6sisch als die vergleichsweise problemlosere Sprache, die erfolgreich und konsequent mit dem erlernten Ger\u00fcst verwendet werden kann.<\/p>\n","protected":false},"excerpt":{"rendered":"<p>Es ist Aufgabe des Fremdsprachenunterrichts am Gymnasium, die Sch\u00fclerinnen und Sch\u00fcler auf Begegnungen mit Menschen<\/p>\n","protected":false},"author":1,"featured_media":0,"parent":0,"menu_order":0,"comment_status":"closed","ping_status":"closed","template":"","meta":{"footnotes":""},"class_list":["post-489","page","type-page","status-publish","hentry"],"_links":{"self":[{"href":"https:\/\/www.borg-gastein.salzburg.at\/plo\/wp-json\/wp\/v2\/pages\/489","targetHints":{"allow":["GET"]}}],"collection":[{"href":"https:\/\/www.borg-gastein.salzburg.at\/plo\/wp-json\/wp\/v2\/pages"}],"about":[{"href":"https:\/\/www.borg-gastein.salzburg.at\/plo\/wp-json\/wp\/v2\/types\/page"}],"author":[{"embeddable":true,"href":"https:\/\/www.borg-gastein.salzburg.at\/plo\/wp-json\/wp\/v2\/users\/1"}],"replies":[{"embeddable":true,"href":"https:\/\/www.borg-gastein.salzburg.at\/plo\/wp-json\/wp\/v2\/comments?post=489"}],"version-history":[{"count":4,"href":"https:\/\/www.borg-gastein.salzburg.at\/plo\/wp-json\/wp\/v2\/pages\/489\/revisions"}],"predecessor-version":[{"id":926,"href":"https:\/\/www.borg-gastein.salzburg.at\/plo\/wp-json\/wp\/v2\/pages\/489\/revisions\/926"}],"wp:attachment":[{"href":"https:\/\/www.borg-gastein.salzburg.at\/plo\/wp-json\/wp\/v2\/media?parent=489"}],"curies":[{"name":"wp","href":"https:\/\/api.w.org\/{rel}","templated":true}]}}