{"id":495,"date":"2022-05-10T16:19:55","date_gmt":"2022-05-10T14:19:55","guid":{"rendered":"https:\/\/www.borg-gastein.salzburg.at\/plo\/?page_id=495"},"modified":"2022-07-07T13:29:40","modified_gmt":"2022-07-07T11:29:40","slug":"latein","status":"publish","type":"page","link":"https:\/\/www.borg-gastein.salzburg.at\/plo\/latein\/","title":{"rendered":"Latein"},"content":{"rendered":"\n<p>Die lateinische Sprache war die Sprache der alten R\u00f6merInnen, die ein Weltreich schufen, zu dem auch \u00d6sterreich bis zur Donau mehrere Jahrhunderte geh\u00f6rte. Viele Ausgrabungsfunde zeugen davon. Nach mehr als tausendj\u00e4hriger Herrschaft ging zwar das Westr\u00f6mische Reich in den Wirren der V\u00f6lkerwanderung unter, Latein aber war das ganze Mittelalter hindurch keine tote Sprache.&nbsp;<\/p>\n\n\n\n<p>Es blieb auch unter Karl dem Gro\u00dfen die Sprache des staatlichen Verkehrs, der Schulen, der Gebildeten und der Wissenschaft \u00fcberhaupt.&nbsp;&nbsp;<\/p>\n\n\n\n<p>Noch heute verwenden Arzt und Apotheker zur Bezeichnung von Krankheiten und Heilmittel die lateinische Sprache. Sie ist und war auch die Sprache der Kirche und noch heute werden viele Gebete lateinisch gesprochen und gesungen.&nbsp;<\/p>\n\n\n\n<p>Aus dem Lateinischen hervorgegangen sind die sogenannten romanischen Sprachen, die bis heute noch gro\u00dfe \u00c4hnlichkeit mit der Sprache haben, aus der sie sich entwickelten.&nbsp;<\/p>\n\n\n\n<p>Aber auch andere Sprachen zeigen starke Einfl\u00fcsse aus dem Lateinischen, so das Englische und Deutsche.&nbsp;&nbsp;<\/p>\n\n\n\n<p>Wenn wir also Latein lernen, haben wir nicht nur die Zugangsberechtigung zu vielen Studien, wie z. B. dem der Medizin, sondern wir werden auch die Grundlage und die Wurzeln unserer eigenen Kultur besser verstehen. Latein zu lernen ist also n\u00fctzlich, wir verbessern unser allgemeines Sprachverst\u00e4ndnis und werden von anderen besser verstanden.\u00a0<\/p>\n\n\n\n<p>Das Borg Bad Hofgastein setzt seinen Schwerpunkt auf Kreativit\u00e4t und diese wird nat\u00fcrlich auch im Lateinunterricht ge\u00fcbt. So werden die Texte r\u00f6mischer Dichter umgedichtet, nachgeschrieben, inszeniert und vertont. Belebt wird der Unterricht auch durch Exkursionen wie z. B. in die R\u00f6merstadt Teurnia in K\u00e4rnten.\u00a0\u00a0<\/p>\n\n\n\n<p>Der Lateinunterricht ist also lebendig, anschaulich, inspirierend und bildet ein gutes geistiges Bildungsfundament.&nbsp;<\/p>\n","protected":false},"excerpt":{"rendered":"<p>Die lateinische Sprache war die Sprache der alten R\u00f6merInnen, die ein Weltreich schufen, zu dem<\/p>\n","protected":false},"author":1,"featured_media":0,"parent":0,"menu_order":0,"comment_status":"closed","ping_status":"closed","template":"","meta":{"footnotes":""},"class_list":["post-495","page","type-page","status-publish","hentry"],"_links":{"self":[{"href":"https:\/\/www.borg-gastein.salzburg.at\/plo\/wp-json\/wp\/v2\/pages\/495","targetHints":{"allow":["GET"]}}],"collection":[{"href":"https:\/\/www.borg-gastein.salzburg.at\/plo\/wp-json\/wp\/v2\/pages"}],"about":[{"href":"https:\/\/www.borg-gastein.salzburg.at\/plo\/wp-json\/wp\/v2\/types\/page"}],"author":[{"embeddable":true,"href":"https:\/\/www.borg-gastein.salzburg.at\/plo\/wp-json\/wp\/v2\/users\/1"}],"replies":[{"embeddable":true,"href":"https:\/\/www.borg-gastein.salzburg.at\/plo\/wp-json\/wp\/v2\/comments?post=495"}],"version-history":[{"count":8,"href":"https:\/\/www.borg-gastein.salzburg.at\/plo\/wp-json\/wp\/v2\/pages\/495\/revisions"}],"predecessor-version":[{"id":932,"href":"https:\/\/www.borg-gastein.salzburg.at\/plo\/wp-json\/wp\/v2\/pages\/495\/revisions\/932"}],"wp:attachment":[{"href":"https:\/\/www.borg-gastein.salzburg.at\/plo\/wp-json\/wp\/v2\/media?parent=495"}],"curies":[{"name":"wp","href":"https:\/\/api.w.org\/{rel}","templated":true}]}}