{"id":517,"date":"2022-05-10T16:55:35","date_gmt":"2022-05-10T14:55:35","guid":{"rendered":"https:\/\/www.borg-gastein.salzburg.at\/plo\/?page_id=517"},"modified":"2022-10-14T09:03:01","modified_gmt":"2022-10-14T07:03:01","slug":"tanz","status":"publish","type":"page","link":"https:\/\/www.borg-gastein.salzburg.at\/plo\/tanz\/","title":{"rendered":"Tanz"},"content":{"rendered":"\n<figure class=\"wp-block-image size-full\"><img loading=\"lazy\" decoding=\"async\" width=\"960\" height=\"640\" src=\"https:\/\/www.borg-gastein.salzburg.at\/plo\/wp-content\/uploads\/2022\/05\/12052372_413915568797640_5607184999968003089_o-1.jpg\" alt=\"\" class=\"wp-image-706\" srcset=\"https:\/\/www.borg-gastein.salzburg.at\/plo\/wp-content\/uploads\/2022\/05\/12052372_413915568797640_5607184999968003089_o-1.jpg 960w, https:\/\/www.borg-gastein.salzburg.at\/plo\/wp-content\/uploads\/2022\/05\/12052372_413915568797640_5607184999968003089_o-1-300x200.jpg 300w, https:\/\/www.borg-gastein.salzburg.at\/plo\/wp-content\/uploads\/2022\/05\/12052372_413915568797640_5607184999968003089_o-1-768x512.jpg 768w\" sizes=\"auto, (max-width: 960px) 100vw, 960px\" \/><\/figure>\n\n\n\n<h2 class=\"wp-block-heading\">Natalia Petrova-Ultschnig<\/h2>\n\n\n\n<p>Der Tanz ist neben dem Gesang und dem Instrumentenspiel eine weitere M\u00f6glichkeit, sich auszudr\u00fccken und kreativ zu sein. Dar\u00fcber hinaus h\u00e4lt er die Tanzenden in guter Form und diszipliniert den K\u00f6rper.<\/p>\n\n\n\n<p>Schon als Kind wusste ich, dass ich Tanzlehrerin werden wollte. Wie mir meine Mutter sp\u00e4ter mitteilte, versuchte ich schon mit vier Jahren zu choreographieren. Mein erster Sch\u00fcler war mein j\u00fcngerer Bruder. Meine Mutter schickte mich zum besten Tanzensemble in unserer Stadt, wodurch ich schon fr\u00fch \u2013 und jahrelang &#8211; an nationalen und internationalen Festivals und Tanzwettbewerben teilnehmen konnte.&nbsp;<\/p>\n\n\n\n<p>Nach der Matura bekam ich nach einer strengen Pr\u00fcfung einen Platz an der Staatlichen Universit\u00e4t \u201eF.M.Dostoevskij\u201c, Omsk\/Russland, welche auch in \u00d6sterreich anerkannt ist.<\/p>\n\n\n\n<p>2005 wurde mir die Qualifikation \u201eK\u00fcnstlerischer Leiter der choreographischen Gruppen- u. Tanzlehrer\u201c mit Auszeichnung verliehen. Parallel zum Universit\u00e4tsstudium habe ich auch als Tanzlehrerin mit Kindern gearbeitet. Dabei wurde mir klar, dass der Tanzunterricht meine Berufung ist.<br>Seit 2009 arbeite ich auch selbstst\u00e4ndig als Tanzlehrerin in \u00d6sterreich.<br>Die Basis f\u00fcr meinen Unterricht im BORG Bad Hofgastein bildet Ballett, Moderndance und Jazztanz. Das sind die wichtigsten Richtungen, die f\u00fcr eine weitere Tanzausbildung zum Profit\u00e4nzer unerl\u00e4sslich sind.<br>Ich halte auch Schritt mit verschiedensten Tanzrichtungen und choreographiere in diversen Tanzstilen, indem ich immer versuche auf die jugendlichen Interessen einzugehen. Au\u00dferdem lerne ich durch laufende Fortbildungen st\u00e4ndig dazu, was mir selbst gro\u00dfe Freude macht.<\/p>\n\n\n\n<figure class=\"wp-block-image size-full\"><img loading=\"lazy\" decoding=\"async\" width=\"960\" height=\"639\" src=\"https:\/\/www.borg-gastein.salzburg.at\/plo\/wp-content\/uploads\/2022\/05\/image-20.jpeg\" alt=\"\" class=\"wp-image-704\" srcset=\"https:\/\/www.borg-gastein.salzburg.at\/plo\/wp-content\/uploads\/2022\/05\/image-20.jpeg 960w, https:\/\/www.borg-gastein.salzburg.at\/plo\/wp-content\/uploads\/2022\/05\/image-20-300x200.jpeg 300w, https:\/\/www.borg-gastein.salzburg.at\/plo\/wp-content\/uploads\/2022\/05\/image-20-768x511.jpeg 768w\" sizes=\"auto, (max-width: 960px) 100vw, 960px\" \/><\/figure>\n\n\n\n<figure class=\"wp-block-embed is-type-video is-provider-youtube wp-block-embed-youtube wp-embed-aspect-16-9 wp-has-aspect-ratio\"><div class=\"wp-block-embed__wrapper\">\n<iframe loading=\"lazy\" title=\"Tanz BORG Gastein\" width=\"640\" height=\"360\" src=\"https:\/\/www.youtube.com\/embed\/kXkpMPSqJOE?feature=oembed\" frameborder=\"0\" allow=\"accelerometer; autoplay; clipboard-write; encrypted-media; gyroscope; picture-in-picture; web-share\" referrerpolicy=\"strict-origin-when-cross-origin\" allowfullscreen><\/iframe>\n<\/div><\/figure>\n","protected":false},"excerpt":{"rendered":"<p>Natalia Petrova-Ultschnig Der Tanz ist neben dem Gesang und dem Instrumentenspiel eine weitere M\u00f6glichkeit, sich<\/p>\n","protected":false},"author":1,"featured_media":0,"parent":0,"menu_order":0,"comment_status":"closed","ping_status":"closed","template":"","meta":{"footnotes":""},"class_list":["post-517","page","type-page","status-publish","hentry"],"_links":{"self":[{"href":"https:\/\/www.borg-gastein.salzburg.at\/plo\/wp-json\/wp\/v2\/pages\/517","targetHints":{"allow":["GET"]}}],"collection":[{"href":"https:\/\/www.borg-gastein.salzburg.at\/plo\/wp-json\/wp\/v2\/pages"}],"about":[{"href":"https:\/\/www.borg-gastein.salzburg.at\/plo\/wp-json\/wp\/v2\/types\/page"}],"author":[{"embeddable":true,"href":"https:\/\/www.borg-gastein.salzburg.at\/plo\/wp-json\/wp\/v2\/users\/1"}],"replies":[{"embeddable":true,"href":"https:\/\/www.borg-gastein.salzburg.at\/plo\/wp-json\/wp\/v2\/comments?post=517"}],"version-history":[{"count":8,"href":"https:\/\/www.borg-gastein.salzburg.at\/plo\/wp-json\/wp\/v2\/pages\/517\/revisions"}],"predecessor-version":[{"id":1115,"href":"https:\/\/www.borg-gastein.salzburg.at\/plo\/wp-json\/wp\/v2\/pages\/517\/revisions\/1115"}],"wp:attachment":[{"href":"https:\/\/www.borg-gastein.salzburg.at\/plo\/wp-json\/wp\/v2\/media?parent=517"}],"curies":[{"name":"wp","href":"https:\/\/api.w.org\/{rel}","templated":true}]}}