{"id":525,"date":"2022-05-10T16:58:21","date_gmt":"2022-05-10T14:58:21","guid":{"rendered":"https:\/\/www.borg-gastein.salzburg.at\/plo\/?page_id=525"},"modified":"2022-07-04T15:37:09","modified_gmt":"2022-07-04T13:37:09","slug":"schauspiel","status":"publish","type":"page","link":"https:\/\/www.borg-gastein.salzburg.at\/plo\/schauspiel\/","title":{"rendered":"Schauspiel"},"content":{"rendered":"<div class=\"wp-block-image\">\n<figure class=\"alignleft size-medium\"><img loading=\"lazy\" decoding=\"async\" width=\"300\" height=\"200\" src=\"https:\/\/www.borg-gastein.salzburg.at\/plo\/wp-content\/uploads\/2022\/05\/IMG_6802-300x200.jpg\" alt=\"\" class=\"wp-image-533\" srcset=\"https:\/\/www.borg-gastein.salzburg.at\/plo\/wp-content\/uploads\/2022\/05\/IMG_6802-300x200.jpg 300w, https:\/\/www.borg-gastein.salzburg.at\/plo\/wp-content\/uploads\/2022\/05\/IMG_6802-1024x683.jpg 1024w, https:\/\/www.borg-gastein.salzburg.at\/plo\/wp-content\/uploads\/2022\/05\/IMG_6802-768x512.jpg 768w, https:\/\/www.borg-gastein.salzburg.at\/plo\/wp-content\/uploads\/2022\/05\/IMG_6802-1536x1024.jpg 1536w, https:\/\/www.borg-gastein.salzburg.at\/plo\/wp-content\/uploads\/2022\/05\/IMG_6802-2048x1365.jpg 2048w\" sizes=\"auto, (max-width: 300px) 100vw, 300px\" \/><\/figure><\/div>\n\n<div class=\"wp-block-image\">\n<figure class=\"alignleft size-medium\"><img loading=\"lazy\" decoding=\"async\" width=\"300\" height=\"200\" src=\"https:\/\/www.borg-gastein.salzburg.at\/plo\/wp-content\/uploads\/2022\/05\/IMG_6799-300x200.jpg\" alt=\"\" class=\"wp-image-534\" srcset=\"https:\/\/www.borg-gastein.salzburg.at\/plo\/wp-content\/uploads\/2022\/05\/IMG_6799-300x200.jpg 300w, https:\/\/www.borg-gastein.salzburg.at\/plo\/wp-content\/uploads\/2022\/05\/IMG_6799-1024x683.jpg 1024w, https:\/\/www.borg-gastein.salzburg.at\/plo\/wp-content\/uploads\/2022\/05\/IMG_6799-768x512.jpg 768w, https:\/\/www.borg-gastein.salzburg.at\/plo\/wp-content\/uploads\/2022\/05\/IMG_6799-1536x1024.jpg 1536w, https:\/\/www.borg-gastein.salzburg.at\/plo\/wp-content\/uploads\/2022\/05\/IMG_6799-2048x1365.jpg 2048w\" sizes=\"auto, (max-width: 300px) 100vw, 300px\" \/><\/figure><\/div>\n\n\n<p><\/p>\n\n\n\n<p><\/p>\n\n\n\n<p><\/p>\n\n\n\n<p>Im Fach \u201cDarstellendes Spiel\u201d setzen wir uns mit unserer eigenen Pers\u00f6nlichkeit auseinander, gehen in uns hinein und aus uns heraus.\u00a0\u00a0<\/p>\n\n\n\n<p>Wir schauen auf das Du, reagieren, agieren und gestalten gemeinsam lustvoll Szenen.&nbsp;&nbsp;<\/p>\n\n\n\n<p>Improvisation und Humor stehen dabei im Mittelpunkt, Lachen und Kreativit\u00e4t sollen entspannen und uns in die zauberhafte und bunte Welt des Theaters f\u00fchren.&nbsp;<\/p>\n\n\n\n<p>Das Ergebnis des gemeinsamen Probens und der gegenseitigen Regie wird in regelm\u00e4\u00dfigen Abst\u00e4nden auf die B\u00fchnen gebracht, bei Schulveranstaltungen und Theaterfestivals.&nbsp;<\/p>\n\n\n\n<p>Durch das Auftreten vor Publikum wird die Pers\u00f6nlichkeit positiv gest\u00e4rkt und geformt.&nbsp;<\/p>\n\n\n\n<p>Das Ausprobieren in verschiedenen Situationen bereitet auch auf das sp\u00e4tere Leben vor.\u00a0<\/p>\n\n\n\n<p>Darstellendes Spiel ist also wichtig, um ein positiver, spontaner und selbstbewusster Erwachsener zu werden.&nbsp;<\/p>\n","protected":false},"excerpt":{"rendered":"<p>Im Fach \u201cDarstellendes Spiel\u201d setzen wir uns mit unserer eigenen Pers\u00f6nlichkeit auseinander, gehen in uns<\/p>\n","protected":false},"author":1,"featured_media":0,"parent":0,"menu_order":0,"comment_status":"closed","ping_status":"closed","template":"","meta":{"footnotes":""},"class_list":["post-525","page","type-page","status-publish","hentry"],"_links":{"self":[{"href":"https:\/\/www.borg-gastein.salzburg.at\/plo\/wp-json\/wp\/v2\/pages\/525","targetHints":{"allow":["GET"]}}],"collection":[{"href":"https:\/\/www.borg-gastein.salzburg.at\/plo\/wp-json\/wp\/v2\/pages"}],"about":[{"href":"https:\/\/www.borg-gastein.salzburg.at\/plo\/wp-json\/wp\/v2\/types\/page"}],"author":[{"embeddable":true,"href":"https:\/\/www.borg-gastein.salzburg.at\/plo\/wp-json\/wp\/v2\/users\/1"}],"replies":[{"embeddable":true,"href":"https:\/\/www.borg-gastein.salzburg.at\/plo\/wp-json\/wp\/v2\/comments?post=525"}],"version-history":[{"count":8,"href":"https:\/\/www.borg-gastein.salzburg.at\/plo\/wp-json\/wp\/v2\/pages\/525\/revisions"}],"predecessor-version":[{"id":738,"href":"https:\/\/www.borg-gastein.salzburg.at\/plo\/wp-json\/wp\/v2\/pages\/525\/revisions\/738"}],"wp:attachment":[{"href":"https:\/\/www.borg-gastein.salzburg.at\/plo\/wp-json\/wp\/v2\/media?parent=525"}],"curies":[{"name":"wp","href":"https:\/\/api.w.org\/{rel}","templated":true}]}}