{"id":987,"date":"2022-09-30T10:49:31","date_gmt":"2022-09-30T08:49:31","guid":{"rendered":"https:\/\/www.borg-gastein.salzburg.at\/plo\/?page_id=987"},"modified":"2024-10-01T10:52:24","modified_gmt":"2024-10-01T08:52:24","slug":"schnuppern","status":"publish","type":"page","link":"https:\/\/www.borg-gastein.salzburg.at\/plo\/schnuppern\/","title":{"rendered":"Schnuppern"},"content":{"rendered":"\n<p><strong>ALLGEMEINE INFORMATIONEN ZUM SCHNUPPERTAG<\/strong><\/p>\n\n\n\n<p><strong>AM BORG GASTEIN<\/strong><\/p>\n\n\n\n<p>Grunds\u00e4tzlich bieten wir den <strong><u>Dienstag<\/u><\/strong> als Schnuppertag an, da dieser f\u00fcr uns aus organisatorischen Gr\u00fcnden am besten ist und sich unsere G\u00e4ste vor allem auch an diesem Tag einen sehr guten Eindruck von unseren <strong>musisch-kreativen<\/strong> F\u00e4chern verschaffen k\u00f6nnen.<\/p>\n\n\n\n<p>Sollte der Dienstag nicht m\u00f6glich sein, werden wir versuchen, eine individuelle L\u00f6sung zu finden.<\/p>\n\n\n\n<ul class=\"wp-block-list\">\n<li><strong>Dauer:<\/strong>&nbsp;\u00fcblicherweise einen ganzen Schultag, damit die Schnuppersch\u00fclerInnen ausreichend Zeit haben, unseren spannenden BORG-Gastein-Unterrichtsalltag miterleben zu k\u00f6nnen.<\/li>\n<\/ul>\n\n\n\n<p>Beginn 1. Std. = 08.00 Uhr, Ende 10. Std. = 17.10 Uhr. Sollten die Sch\u00fclerInnen fr\u00fcher nach Hause m\u00fcssen, k\u00f6nnen wir z.B. das Ende um 15.25 (nach der 8. Std.) festlegen.<\/p>\n\n\n\n<ul class=\"wp-block-list\">\n<li><strong>Treffpunkt:<\/strong>&nbsp; 07.50h im Sekretariat (2. Stock)<\/li>\n\n\n\n<li><strong>Garderobe:<\/strong>&nbsp;die Schnuppersch\u00fclerInnen k\u00f6nnen bei uns im 2. Stock in der Lehrergarderobe ihre Jacken aufh\u00e4ngen &#8211; f\u00fcr unsere jungen G\u00e4ste besteht keine Hausschuhpflicht.<\/li>\n\n\n\n<li><strong>Unterricht<\/strong>: Prinzipiell brauchen die Schnuppersch\u00fclerInnen nichts mitzunehmen. Sie sind nicht verpflichtet, irgendwo aktiv mitzumachen. Nat\u00fcrlich kann es vorkommen, dass eine Lehrkraft unseren jungen G\u00e4sten die M\u00f6glichkeit anbietet, sich bei einer Aktivit\u00e4t &#8211; nur freiwillig &#8211; zu beteiligen.<\/li>\n\n\n\n<li><strong>Essen:<\/strong>&nbsp;die Schnuppersch\u00fclerInnen sollten bitte eine Jause oder Jausengeld f\u00fcr die Vormittags- und Mittagspause mithaben. Wir haben ein kleines Schulbuffet wo gesunde, belegte Brote, Obst, teilweise auch kleine warme Speisen und noch vieles mehr angeboten wird. In der Mittagspause k\u00f6nnten sie auch einen Spaziergang (5-10 Min.) ins Ortszentrum unternehmen. Dort gibt es die B\u00e4ckerei Unterkofler, sowie M-Preis und BILLA.<\/li>\n\n\n\n<li><strong>Stundenplan:<\/strong>&nbsp;wir sind bem\u00fcht einen, auf die Interessen unserer Schnuppersch\u00fclerInnen abgezielten Stundenplan, zusammenzustellen. Daf\u00fcr fragen wir im Vorfeld (bei der Terminvereinbarung), welche F\u00e4cher f\u00fcr unsere Schnuppersch\u00fclerInnen von besonderem Interesse sind. Wir k\u00f6nnen gerne auch jederzeit vor Ort auf die W\u00fcnsche unserer G\u00e4ste eingehen.<\/li>\n\n\n\n<li><strong>Wohnheim Apartmenthaus Maxl:<\/strong>&nbsp;F\u00fcr Sch\u00fclerInnen, die w\u00e4hrend dem Schuljahr eine Unterkunft ben\u00f6tigen w\u00fcrden, gibt es die M\u00f6glichkeit einer Unterbringung. Das Haus wird privat gef\u00fchrt und ist in ca. 10 min. zu Fu\u00df von der Schule erreichbar.&nbsp;&nbsp; <strong>Sollte eine Besichtigung des Wohnheims erw\u00fcnscht sein, geben Sie das bitte bei der Anmeldung zum Schnuppertag bekannt, damit wir einen Termin mit dem Betreuer vereinbaren k\u00f6nnen.<\/strong><\/li>\n\n\n\n<li><strong>Betreuung:<\/strong>&nbsp;Neben dem Lehrpersonal stehen den Schnuppersch\u00fclerInnen auch immer unsere BORG-Sch\u00fclerInnen-Guides zur Seite. Sie bringen die Schnuppersch\u00fclerInnen zu den jeweiligen R\u00e4umen und stehen mit Rat und Tat zu Seite. Wir haben sehr gute Erfahrungen mit unseren &#8222;kommunikativen Assistenten&#8220; gemacht &#8211; die jungen Sch\u00fclerInnen trauen sich meist im vertrauten Umfeld der Gleichaltrigen viel mehr Fragen zu stellen als bei Erwachsenen.<\/li>\n<\/ul>\n\n\n\n<p>Alle Lehrkr\u00e4fte des bORG Gastein sind immer \u00fcber einen Besuch von Schnuppersch\u00fclerInnen informiert und stehen selbstverst\u00e4ndlich auch sehr gerne jederzeit f\u00fcr Fragen zur Verf\u00fcgung.<\/p>\n\n\n\n<ul class=\"wp-block-list\">\n<li><strong>Unterlagen:<\/strong>&nbsp;Die Schnuppersch\u00fclerInnen bekommen eine BORG-Mappe mit allen Unterlagen und Infobl\u00e4ttern sowie eine Besuchsbest\u00e4tigung f\u00fcr den absolvierten Schnuppertag am BORG Bad Hofgastein.<\/li>\n<\/ul>\n\n\n\n<figure class=\"wp-block-table\"><table><tbody><tr><td><\/td><\/tr><tr><td><\/td><td><strong>Kontakt und Terminvereinbarung:<\/strong>&nbsp;&nbsp;&nbsp;&nbsp;&nbsp;&nbsp;&nbsp;&nbsp;&nbsp; BORG Bad Hofgastein&nbsp;&nbsp;&nbsp;&nbsp;&nbsp;&nbsp;&nbsp;&nbsp;&nbsp;&nbsp;&nbsp;&nbsp;&nbsp;&nbsp;&nbsp;&nbsp;&nbsp;&nbsp;&nbsp;&nbsp;&nbsp;&nbsp;&nbsp;&nbsp;&nbsp;&nbsp;&nbsp;&nbsp;&nbsp;&nbsp;&nbsp;&nbsp;&nbsp;&nbsp;&nbsp;&nbsp;&nbsp;&nbsp;&nbsp;&nbsp;&nbsp;&nbsp;&nbsp;&nbsp;&nbsp;&nbsp;&nbsp;&nbsp;&nbsp;&nbsp;&nbsp;&nbsp;&nbsp;&nbsp;&nbsp;&nbsp;&nbsp;&nbsp;&nbsp;&nbsp;&nbsp;&nbsp;&nbsp;&nbsp;&nbsp;&nbsp;&nbsp;&nbsp;&nbsp;&nbsp;&nbsp;&nbsp;&nbsp; Tel.: &nbsp;&nbsp;&nbsp;&nbsp;&nbsp; 06432\/8426, &nbsp;&nbsp;&nbsp;&nbsp;&nbsp;&nbsp;&nbsp;&nbsp;&nbsp;&nbsp;&nbsp;&nbsp;&nbsp;&nbsp;&nbsp;&nbsp;&nbsp;&nbsp;&nbsp;&nbsp;&nbsp;&nbsp;&nbsp;&nbsp;&nbsp;&nbsp;&nbsp;&nbsp;&nbsp;&nbsp;&nbsp;&nbsp;&nbsp;&nbsp;&nbsp;&nbsp;&nbsp;&nbsp;&nbsp;&nbsp;&nbsp;&nbsp;&nbsp;&nbsp;&nbsp;&nbsp;&nbsp;&nbsp;&nbsp;&nbsp;&nbsp;&nbsp;&nbsp;&nbsp;&nbsp;&nbsp;&nbsp;&nbsp;&nbsp;&nbsp;&nbsp;&nbsp;&nbsp;&nbsp;&nbsp;&nbsp;&nbsp;&nbsp;&nbsp;&nbsp; Mail: &nbsp;&nbsp;&nbsp; sekretariat@borg-gastein.salzburg.at &nbsp;<\/td><\/tr><\/tbody><\/table><\/figure>\n\n\n\n<div class=\"wp-block-file\"><a id=\"wp-block-file--media-fbc118a9-80fa-430d-9136-4f05bf84abbe\" href=\"https:\/\/www.borg-gastein.salzburg.at\/plo\/wp-content\/uploads\/2024\/10\/Info-Schnuppertag-NEU-Sept-2024-1.doc\">Info-Schnuppertag<\/a><a href=\"https:\/\/www.borg-gastein.salzburg.at\/plo\/wp-content\/uploads\/2024\/10\/Info-Schnuppertag-NEU-Sept-2024-1.doc\" class=\"wp-block-file__button wp-element-button\" download aria-describedby=\"wp-block-file--media-fbc118a9-80fa-430d-9136-4f05bf84abbe\">Herunterladen<\/a><\/div>\n","protected":false},"excerpt":{"rendered":"<p>ALLGEMEINE INFORMATIONEN ZUM SCHNUPPERTAG AM BORG GASTEIN Grunds\u00e4tzlich bieten wir den Dienstag als Schnuppertag an,<\/p>\n","protected":false},"author":1,"featured_media":0,"parent":0,"menu_order":0,"comment_status":"closed","ping_status":"closed","template":"","meta":{"footnotes":""},"class_list":["post-987","page","type-page","status-publish","hentry"],"_links":{"self":[{"href":"https:\/\/www.borg-gastein.salzburg.at\/plo\/wp-json\/wp\/v2\/pages\/987","targetHints":{"allow":["GET"]}}],"collection":[{"href":"https:\/\/www.borg-gastein.salzburg.at\/plo\/wp-json\/wp\/v2\/pages"}],"about":[{"href":"https:\/\/www.borg-gastein.salzburg.at\/plo\/wp-json\/wp\/v2\/types\/page"}],"author":[{"embeddable":true,"href":"https:\/\/www.borg-gastein.salzburg.at\/plo\/wp-json\/wp\/v2\/users\/1"}],"replies":[{"embeddable":true,"href":"https:\/\/www.borg-gastein.salzburg.at\/plo\/wp-json\/wp\/v2\/comments?post=987"}],"version-history":[{"count":8,"href":"https:\/\/www.borg-gastein.salzburg.at\/plo\/wp-json\/wp\/v2\/pages\/987\/revisions"}],"predecessor-version":[{"id":1712,"href":"https:\/\/www.borg-gastein.salzburg.at\/plo\/wp-json\/wp\/v2\/pages\/987\/revisions\/1712"}],"wp:attachment":[{"href":"https:\/\/www.borg-gastein.salzburg.at\/plo\/wp-json\/wp\/v2\/media?parent=987"}],"curies":[{"name":"wp","href":"https:\/\/api.w.org\/{rel}","templated":true}]}}